{"id":120954,"date":"2024-09-26T10:30:40","date_gmt":"2024-09-26T13:30:40","guid":{"rendered":"https:\/\/pkodobrasil.com.br\/?page_id=120954"},"modified":"2026-03-24T10:02:55","modified_gmt":"2026-03-24T13:02:55","slug":"politica-de-transparencia","status":"publish","type":"page","link":"https:\/\/pkovidros.com.br\/es\/politica-de-transparencia\/","title":{"rendered":"Pol\u00edtica de Transpar\u00eancia"},"content":{"rendered":"<h1 class=\"wp-block-heading\"><strong>Relat\u00f3rio de Transpar\u00eancia Salarial<\/strong><\/h1>\n\n\n\n<p>A PKO Vidros sempre atenta ao tema da equidade de g\u00eanero, visando a transpar\u00eancia quanto \u00e0 nova legisla\u00e7\u00e3o brasileira divulga o Relat\u00f3rio de Transpar\u00eancia Salarial e de Crit\u00e9rios Remunerat\u00f3rios, previsto na Lei n\u00ba 14.611\/2023, seguindo o formato estabelecido pelo Minist\u00e9rio das Mulheres e Minist\u00e9rio do Trabalho e Emprego.<\/p>\n\n\n\n<p>Importante ressaltar que as diretrizes trazidas pela mencionada Lei, n\u00e3o retratam de forma fidedigna o cen\u00e1rio atual da PKO Vidros, isso porque o relat\u00f3rio \u00e9 baseado no CBO, Classifica\u00e7\u00e3o Brasileira de Ocupa\u00e7\u00f5es, e no agrupamento de cargos, organizados por \u201cGrandes Grupos de Ocupa\u00e7\u00f5es\u201d. A Lei n\u00ba 14.611\/2023, prop\u00f5e a compara\u00e7\u00e3o entre os sal\u00e1rios pagos para realiza\u00e7\u00e3o de trabalho de igual valor, ao passo que os Relat\u00f3rios agregam diferentes tipos de cargos, sem distin\u00e7\u00e3o de natureza da fun\u00e7\u00e3o, \u00e1rea de atua\u00e7\u00e3o, tempo de empresa, tempo na fun\u00e7\u00e3o, produtividade, perfei\u00e7\u00e3o t\u00e9cnica, tampouco n\u00edveis hier\u00e1rquicos. Dessa forma, \u00e9 percept\u00edvel que os Relat\u00f3rios anexados oferecem an\u00e1lises comparativas de sal\u00e1rios e cargos que, na verdade, n\u00e3o s\u00e3o compar\u00e1veis.&nbsp;<\/p>\n\n\n\n<p>A PKO Vidros \u00e9 transparente em todos os seus processos, e por isso estar\u00e1 sempre \u00e0 disposi\u00e7\u00e3o para quaisquer esclarecimentos.<\/p>\n\n\n\n<p><\/p>","protected":false},"excerpt":{"rendered":"<p>Relat\u00f3rio de Transpar\u00eancia Salarial A PKO Vidros sempre atenta ao tema da equidade de g\u00eanero, visando a transpar\u00eancia quanto \u00e0 nova legisla\u00e7\u00e3o brasileira divulga o [&hellip;]<\/p>","protected":false},"author":975910,"featured_media":0,"parent":0,"menu_order":0,"comment_status":"closed","ping_status":"closed","template":"page-politicaTransparencia.php","meta":{"_acf_changed":false,"inline_featured_image":false,"footnotes":""},"class_list":["post-120954","page","type-page","status-publish","hentry"],"acf":[],"yoast_head":"<!-- This site is optimized with the Yoast SEO plugin v26.4 - https:\/\/yoast.com\/wordpress\/plugins\/seo\/ -->\n<title>Pol\u00edtica de Transpar\u00eancia - PKO Vidros<\/title>\n<meta name=\"robots\" content=\"index, follow, max-snippet:-1, max-image-preview:large, max-video-preview:-1\" \/>\n<link rel=\"canonical\" href=\"https:\/\/pkovidros.com.br\/es\/politica-de-transparencia\/\" \/>\n<meta property=\"og:locale\" content=\"es_MX\" \/>\n<meta property=\"og:type\" content=\"article\" \/>\n<meta property=\"og:title\" content=\"Pol\u00edtica de Transpar\u00eancia - PKO Vidros\" \/>\n<meta property=\"og:description\" content=\"Relat\u00f3rio de Transpar\u00eancia Salarial A PKO Vidros sempre atenta ao tema da equidade de g\u00eanero, visando a transpar\u00eancia quanto \u00e0 nova legisla\u00e7\u00e3o brasileira divulga o [&hellip;]\" \/>\n<meta property=\"og:url\" content=\"https:\/\/pkovidros.com.br\/es\/politica-de-transparencia\/\" \/>\n<meta property=\"og:site_name\" content=\"PKO Vidros\" \/>\n<meta property=\"article:modified_time\" content=\"2026-03-24T13:02:55+00:00\" \/>\n<meta name=\"twitter:card\" content=\"summary_large_image\" \/>\n<meta name=\"twitter:label1\" content=\"Tiempo de lectura\" \/>\n\t<meta name=\"twitter:data1\" content=\"2 minutos\" \/>\n<script type=\"application\/ld+json\" class=\"yoast-schema-graph\">{\"@context\":\"https:\/\/schema.org\",\"@graph\":[{\"@type\":\"WebPage\",\"@id\":\"https:\/\/pkovidros.com.br\/politica-de-transparencia\/\",\"url\":\"https:\/\/pkovidros.com.br\/politica-de-transparencia\/\",\"name\":\"Pol\u00edtica de Transpar\u00eancia - PKO Vidros\",\"isPartOf\":{\"@id\":\"https:\/\/pkovidros.com.br\/#website\"},\"datePublished\":\"2024-09-26T13:30:40+00:00\",\"dateModified\":\"2026-03-24T13:02:55+00:00\",\"breadcrumb\":{\"@id\":\"https:\/\/pkovidros.com.br\/politica-de-transparencia\/#breadcrumb\"},\"inLanguage\":\"es\",\"potentialAction\":[{\"@type\":\"ReadAction\",\"target\":[\"https:\/\/pkovidros.com.br\/politica-de-transparencia\/\"]}]},{\"@type\":\"BreadcrumbList\",\"@id\":\"https:\/\/pkovidros.com.br\/politica-de-transparencia\/#breadcrumb\",\"itemListElement\":[{\"@type\":\"ListItem\",\"position\":1,\"name\":\"In\u00edcio\",\"item\":\"https:\/\/pkovidros.com.br\/\"},{\"@type\":\"ListItem\",\"position\":2,\"name\":\"Pol\u00edtica de Transpar\u00eancia\"}]},{\"@type\":\"WebSite\",\"@id\":\"https:\/\/pkovidros.com.br\/#website\",\"url\":\"https:\/\/pkovidros.com.br\/\",\"name\":\"PKO Vidros\",\"description\":\"Beneficiadora de Vidros\",\"publisher\":{\"@id\":\"https:\/\/pkovidros.com.br\/#organization\"},\"potentialAction\":[{\"@type\":\"SearchAction\",\"target\":{\"@type\":\"EntryPoint\",\"urlTemplate\":\"https:\/\/pkovidros.com.br\/?s={search_term_string}\"},\"query-input\":{\"@type\":\"PropertyValueSpecification\",\"valueRequired\":true,\"valueName\":\"search_term_string\"}}],\"inLanguage\":\"es\"},{\"@type\":\"Organization\",\"@id\":\"https:\/\/pkovidros.com.br\/#organization\",\"name\":\"PKO Vidros\",\"url\":\"https:\/\/pkovidros.com.br\/\",\"logo\":{\"@type\":\"ImageObject\",\"inLanguage\":\"es\",\"@id\":\"https:\/\/pkovidros.com.br\/#\/schema\/logo\/image\/\",\"url\":\"https:\/\/pkovidros.com.br\/wp-content\/uploads\/2024\/11\/logo_menu.png\",\"contentUrl\":\"https:\/\/pkovidros.com.br\/wp-content\/uploads\/2024\/11\/logo_menu.png\",\"width\":150,\"height\":24,\"caption\":\"PKO Vidros\"},\"image\":{\"@id\":\"https:\/\/pkovidros.com.br\/#\/schema\/logo\/image\/\"}}]}<\/script>\n<!-- \/ Yoast SEO plugin. -->","yoast_head_json":{"title":"Pol\u00edtica de Transpar\u00eancia - PKO Vidros","robots":{"index":"index","follow":"follow","max-snippet":"max-snippet:-1","max-image-preview":"max-image-preview:large","max-video-preview":"max-video-preview:-1"},"canonical":"https:\/\/pkovidros.com.br\/es\/politica-de-transparencia\/","og_locale":"es_MX","og_type":"article","og_title":"Pol\u00edtica de Transpar\u00eancia - PKO Vidros","og_description":"Relat\u00f3rio de Transpar\u00eancia Salarial A PKO Vidros sempre atenta ao tema da equidade de g\u00eanero, visando a transpar\u00eancia quanto \u00e0 nova legisla\u00e7\u00e3o brasileira divulga o [&hellip;]","og_url":"https:\/\/pkovidros.com.br\/es\/politica-de-transparencia\/","og_site_name":"PKO Vidros","article_modified_time":"2026-03-24T13:02:55+00:00","twitter_card":"summary_large_image","twitter_misc":{"Tiempo de lectura":"2 minutos"},"schema":{"@context":"https:\/\/schema.org","@graph":[{"@type":"WebPage","@id":"https:\/\/pkovidros.com.br\/politica-de-transparencia\/","url":"https:\/\/pkovidros.com.br\/politica-de-transparencia\/","name":"Pol\u00edtica de Transpar\u00eancia - PKO Vidros","isPartOf":{"@id":"https:\/\/pkovidros.com.br\/#website"},"datePublished":"2024-09-26T13:30:40+00:00","dateModified":"2026-03-24T13:02:55+00:00","breadcrumb":{"@id":"https:\/\/pkovidros.com.br\/politica-de-transparencia\/#breadcrumb"},"inLanguage":"es","potentialAction":[{"@type":"ReadAction","target":["https:\/\/pkovidros.com.br\/politica-de-transparencia\/"]}]},{"@type":"BreadcrumbList","@id":"https:\/\/pkovidros.com.br\/politica-de-transparencia\/#breadcrumb","itemListElement":[{"@type":"ListItem","position":1,"name":"In\u00edcio","item":"https:\/\/pkovidros.com.br\/"},{"@type":"ListItem","position":2,"name":"Pol\u00edtica de Transpar\u00eancia"}]},{"@type":"WebSite","@id":"https:\/\/pkovidros.com.br\/#website","url":"https:\/\/pkovidros.com.br\/","name":"Vidrio PKO","description":"Beneficiadora de Vidros","publisher":{"@id":"https:\/\/pkovidros.com.br\/#organization"},"potentialAction":[{"@type":"SearchAction","target":{"@type":"EntryPoint","urlTemplate":"https:\/\/pkovidros.com.br\/?s={search_term_string}"},"query-input":{"@type":"PropertyValueSpecification","valueRequired":true,"valueName":"search_term_string"}}],"inLanguage":"es"},{"@type":"Organization","@id":"https:\/\/pkovidros.com.br\/#organization","name":"Vidrio PKO","url":"https:\/\/pkovidros.com.br\/","logo":{"@type":"ImageObject","inLanguage":"es","@id":"https:\/\/pkovidros.com.br\/#\/schema\/logo\/image\/","url":"https:\/\/pkovidros.com.br\/wp-content\/uploads\/2024\/11\/logo_menu.png","contentUrl":"https:\/\/pkovidros.com.br\/wp-content\/uploads\/2024\/11\/logo_menu.png","width":150,"height":24,"caption":"PKO Vidros"},"image":{"@id":"https:\/\/pkovidros.com.br\/#\/schema\/logo\/image\/"}}]}},"_links":{"self":[{"href":"https:\/\/pkovidros.com.br\/es\/wp-json\/wp\/v2\/pages\/120954","targetHints":{"allow":["GET"]}}],"collection":[{"href":"https:\/\/pkovidros.com.br\/es\/wp-json\/wp\/v2\/pages"}],"about":[{"href":"https:\/\/pkovidros.com.br\/es\/wp-json\/wp\/v2\/types\/page"}],"author":[{"embeddable":true,"href":"https:\/\/pkovidros.com.br\/es\/wp-json\/wp\/v2\/users\/975910"}],"replies":[{"embeddable":true,"href":"https:\/\/pkovidros.com.br\/es\/wp-json\/wp\/v2\/comments?post=120954"}],"version-history":[{"count":30,"href":"https:\/\/pkovidros.com.br\/es\/wp-json\/wp\/v2\/pages\/120954\/revisions"}],"predecessor-version":[{"id":186215,"href":"https:\/\/pkovidros.com.br\/es\/wp-json\/wp\/v2\/pages\/120954\/revisions\/186215"}],"wp:attachment":[{"href":"https:\/\/pkovidros.com.br\/es\/wp-json\/wp\/v2\/media?parent=120954"}],"curies":[{"name":"wp","href":"https:\/\/api.w.org\/{rel}","templated":true}]}}