{"id":116842,"date":"2023-11-29T09:37:41","date_gmt":"2023-11-29T12:37:41","guid":{"rendered":"https:\/\/pkodobrasil.com.brprovi\/?page_id=116842"},"modified":"2026-02-24T15:04:07","modified_gmt":"2026-02-24T18:04:07","slug":"politica-de-cookies","status":"publish","type":"page","link":"https:\/\/pkovidros.com.br\/es\/politica-de-cookies\/","title":{"rendered":"Pol\u00edtica de cookies"},"content":{"rendered":"<h1 class=\"wp-block-heading\">POL\u00cdTICA DE COOKIES<\/h1>\n\n\n\n<h2 class=\"wp-block-heading\">1. INTRODUCCI\u00d3N<\/h2>\n\n\n\n<p>A presente Pol\u00edtica aplica-se ao site\u00a0https:\/\/pkovidros.com.br e seus subdom\u00ednios (\u201csite\u201d), de propriedade da\u00a0<strong>Vidrio PKO\u00a0<\/strong>con sede en la ciudad de Mogi das Cruzes en el estado de SP en la Avenida Ant\u00f4nio de Almeida No. 1111\u00a0<\/p>\n\n\n\n<p>Con el objetivo de proporcionar una experiencia a\u00fan m\u00e1s transparente en nuestra&nbsp;<em>sitio<\/em>, explicando el concepto de&nbsp;<em>Galletas<\/em>, c\u00f3mo los utilizamos para mejorar tu navegaci\u00f3n y, tambi\u00e9n, las posibilidades de personalizar su uso.<\/p>\n\n\n\n<p>Si no est\u00e1 de acuerdo con el uso de&nbsp;<em>Galletas<\/em>&nbsp;tal como se presenta, usted puede: (i) ajustar la configuraci\u00f3n de su navegador de Internet para no permitir el uso de&nbsp;<em>Galletas<\/em>&nbsp;o (ii) no acceder a la&nbsp;<em>sitio<\/em>.<\/p>\n\n\n\n<p>Recuerde que deshabilitar el uso de&nbsp;<em>Galletas<\/em>&nbsp;puede afectar su experiencia al navegar por el sitio web.<\/p>\n\n\n\n<p>Para quaisquer quest\u00f5es ou d\u00favidas sobre esta Pol\u00edtica, voc\u00ea poder\u00e1 entrar em contato atrav\u00e9s do e-mail\u00a0lgpd@pkovidros.com.br.<\/p>\n\n\n\n<p>Tambi\u00e9n te recomendamos leer nuestra\u00a0<strong><a href=\"https:\/\/pkovidros.com.br\/es\/politica-de-privacidade\/\">Pol\u00edtica de privacidad<\/a><\/strong>, en el que te ofrecemos m\u00e1s informaci\u00f3n sobre nuestro compromiso con tu privacidad y la protecci\u00f3n de tus datos personales.<\/p>\n\n\n\n<h2 class=\"wp-block-heading\">2. \u00bfQU\u00c9 SON LAS COOKIES?<\/h2>\n\n\n\n<p>Las cookies son peque\u00f1os archivos digitales en formato de texto que se almacenan en su dispositivo (ordenador, tel\u00e9fono inteligente, tableta, etc.) a trav\u00e9s de su navegador de Internet y que almacenan informaci\u00f3n relacionada con sus preferencias, como por ejemplo: idioma, ubicaci\u00f3n, recurrencia de sus sesiones y otros. variables que los desarrolladores consideran relevantes para hacer su experiencia mucho m\u00e1s eficiente.<\/p>\n\n\n\n<h2 class=\"wp-block-heading\">3. \u00bfPARA QU\u00c9 SIRVEN LAS COOKIES?<\/h2>\n\n\n\n<p>Las cookies sirven para mejorar su experiencia, tanto en t\u00e9rminos de rendimiento como de usabilidad, ya que el contenido puesto a disposici\u00f3n estar\u00e1 dirigido a sus necesidades y expectativas.<\/p>\n\n\n\n<p>Tambi\u00e9n pueden utilizarse para recopilar estad\u00edsticas an\u00f3nimas y agregadas que nos permitan comprender c\u00f3mo utiliza el sitio web, as\u00ed como mejorar sus estructuras y contenidos.&nbsp;<strong>Al tratarse de estad\u00edsticas an\u00f3nimas, no es posible identificarle personalmente a trav\u00e9s de estos datos.<\/strong>.<\/p>\n\n\n\n<p>El uso de Cookies es muy com\u00fan en cualquier plataforma digital hoy en d\u00eda. Su uso no da\u00f1a en ning\u00fan caso los dispositivos en los que se almacenan.<\/p>\n\n\n\n<h2 class=\"wp-block-heading\">4. QU\u00c9 TIPO DE COOKIES UTILIZAMOS<\/h2>\n\n\n\n<p>Utilizamos Cookies propias y de terceros en el sitio web, que pueden clasificarse seg\u00fan su duraci\u00f3n:<\/p>\n\n\n\n<ul class=\"wp-block-list\">\n<li><strong>Cookies de sesi\u00f3n<\/strong>&nbsp;\u2013 Son Cookies temporales que permanecen archivadas hasta que abandones el sitio web o cierres tu navegador.<\/li>\n\n\n\n<li><strong>Cookies persistentes<\/strong>&nbsp;\u2013 son Cookies que se almacenan en su dispositivo hasta que se eliminan (el tiempo que la Cookie permanecer\u00e1 en el dispositivo depende de su \u201cvida \u00fatil\u201d y de la configuraci\u00f3n de su navegador de Internet).<\/li>\n\n\n\n<li><strong>Galletas<\/strong>&nbsp;\u2013 De sesi\u00f3n o Persistente \u2013 todav\u00eda se pueden clasificar seg\u00fan su funci\u00f3n:<\/li>\n\n\n\n<li><strong>Cookies estrictamente necesarias<\/strong>&nbsp;\u2013 permitir la navegaci\u00f3n y el uso de aplicaciones, as\u00ed como el acceso a \u00e1reas seguras del sitio web. Sin estas Cookies, el sitio web no funcionar\u00e1 correctamente.<\/li>\n\n\n\n<li><strong>Cookies estad\u00edsticas<\/strong>&nbsp;\u2013 recopilar datos estad\u00edsticos an\u00f3nimos con el fin de analizar el uso del sitio web y su rendimiento.<\/li>\n\n\n\n<li><strong>Cookies publicitarias<\/strong>&nbsp;\u2013 recopilar informaci\u00f3n sobre su visita a nuestro sitio web para que los anuncios mostrados all\u00ed sean m\u00e1s relevantes para usted y de acuerdo con sus intereses. Generalmente est\u00e1n vinculadas a Cookies propiedad de terceros. Si desactiva estas cookies, tenga en cuenta que seguir\u00e1 viendo anuncios, pero se personalizar\u00e1n seg\u00fan sus preferencias.<\/li>\n<\/ul>\n\n\n\n<h2 class=\"wp-block-heading\">5. \u00bfES POSIBLE CONTROLAR O ELIMINAR LAS COOKIES?<\/h2>\n\n\n\n<p>Para que nuestro sitio web funcione correctamente es necesario habilitar el uso de Cookies. Si decide no habilitarlas, a\u00fan podr\u00e1 navegar por el sitio, pero algunas funciones no estar\u00e1n disponibles.<\/p>\n\n\n\n<p>Recordando que la mayor\u00eda de los navegadores de Internet est\u00e1n configurados para aceptar Cookies autom\u00e1ticamente.<\/p>\n\n\n\n<p>Puede cambiar su configuraci\u00f3n para bloquear el uso de Cookies o avisarle cuando se env\u00ede una Cookie a su dispositivo. Existen varias formas de gestionar las Cookies. Consulte las instrucciones de su navegador o la secci\u00f3n de ayuda para obtener m\u00e1s informaci\u00f3n sobre c\u00f3mo ajustar o cambiar estas configuraciones.<\/p>\n\n\n\n<p>Si utiliza diferentes dispositivos para acceder al sitio web, debe asegurarse de que cada navegador, en cada dispositivo, est\u00e9 ajustado para satisfacer sus preferencias en materia de Cookies.<\/p>\n\n\n\n<p>Para que puedas, de una forma sencilla e intuitiva, gestionar tus preferencias desde tu navegador, puedes utilizar alguno de los siguientes enlaces:<\/p>\n\n\n\n<ul class=\"wp-block-list\">\n<li>Para obtener m\u00e1s informaci\u00f3n sobre la gesti\u00f3n de cookies en Firefox,&nbsp;<a href=\"https:\/\/support.mozilla.org\/en-US\/kb\/enable-and-disable-cookies-website-preferences\" target=\"_blank\" rel=\"noreferrer noopener\">Haga clic aqu\u00ed<\/a>;<\/li>\n\n\n\n<li>Para obtener m\u00e1s informaci\u00f3n sobre la gesti\u00f3n de cookies en Chrome,&nbsp;<a href=\"https:\/\/support.google.com\/chrome\/answer\/95647?hl=en\" target=\"_blank\" rel=\"noreferrer noopener\">Haga clic aqu\u00ed<\/a>;<\/li>\n\n\n\n<li>Para obtener m\u00e1s informaci\u00f3n sobre la gesti\u00f3n de Cookies en Internet Explorer,&nbsp;<a href=\"https:\/\/support.microsoft.com\/pt-pt\/help\/17442\/windows-internet-explorer-delete-manage-cookies\" target=\"_blank\" rel=\"noreferrer noopener\">Haga clic aqu\u00ed<\/a>;<\/li>\n\n\n\n<li>Para obtener m\u00e1s informaci\u00f3n sobre la gesti\u00f3n de cookies en Safari,&nbsp;<a href=\"https:\/\/support.apple.com\/pt-br\/guide\/safari\/sfri11471\/mac\" target=\"_blank\" rel=\"noreferrer noopener\">Haga clic aqu\u00ed<\/a>;<\/li>\n\n\n\n<li>Para obtener m\u00e1s informaci\u00f3n sobre la gesti\u00f3n de cookies en Opera,&nbsp;<a href=\"https:\/\/help.opera.com\/en\/latest\/security-and-privacy\/#privateWindow\" target=\"_blank\" rel=\"noreferrer noopener\">Haga clic aqu\u00ed<\/a>;<\/li>\n\n\n\n<li>Para obtener m\u00e1s informaci\u00f3n sobre la administraci\u00f3n de cookies en Microsoft Edge,&nbsp;<a href=\"https:\/\/support.microsoft.com\/pt-br\/help\/4026200\/microsoft-edge-browse-inprivate\" target=\"_blank\" rel=\"noreferrer noopener\">Haga clic aqu\u00ed<\/a>.<\/li>\n<\/ul>\n\n\n\n<h2 class=\"wp-block-heading\">6. INFORMACI\u00d3N DETALLADA SOBRE LAS COOKIES<\/h2>\n\n\n\n<p>A continuaci\u00f3n le presentamos detalles sobre el uso de Cookies en el sitio web, as\u00ed como sus finalidades:<\/p>\n\n\n\n<figure class=\"wp-block-table\"><table><tbody><tr><td><strong>GALLETA<\/strong><\/td><td><strong>VALIDEZ<\/strong><\/td><td><strong>META<\/strong><\/td><\/tr><tr><td>cache<\/td><td>Sesi\u00f3n<\/td><td>Conserva el estado de la sesi\u00f3n previamente definido por el usuario.<\/td><\/tr><tr><td>ga (Google Analytics)<\/td><td>2 a\u00f1os<\/td><td>Registra una identificaci\u00f3n \u00fanica para generar datos estad\u00edsticos relacionados con c\u00f3mo interact\u00faa el usuario con el sitio web.<\/td><\/tr><tr><td>gd (estaci\u00f3n RD)<\/td><td>Sesi\u00f3n<\/td><td>Registra una identificaci\u00f3n \u00fanica para mantener estad\u00edsticas de qu\u00e9 videos de YouTube ha visto el usuario.<\/td><\/tr><tr><td>rdtrk (estaci\u00f3n RD)<\/td><td>1 a\u00f1o<\/td><td>Se utiliza para rastrear las p\u00e1ginas visitadas por el usuario y su respectiva frecuencia.<\/td><\/tr><tr><td>AnalyticsSyncHistory (LinkedIn)<\/td><td>29 dias<\/td><td>Se utiliza junto con otros servicios de seguimiento para la sincronizaci\u00f3n de datos.<\/td><\/tr><tr><td>trf.src (estaci\u00f3n RD)<\/td><td>2 a\u00f1os<\/td><td>Registra c\u00f3mo lleg\u00f3 el usuario al sitio web.<\/td><\/tr><tr><td>fbp (Facebook)<\/td><td>3 meses<\/td><td>Utilizado por Facebook para ofrecer al usuario una serie de productos relacionados con la publicidad.<\/td><\/tr><tr><td>cookie (LinkedIn)<\/td><td>2 a\u00f1os<\/td><td>Utilizado por LinkedIn para rastrear\/seguir actividades en los servicios de red incorporados al sitio web.<\/td><\/tr><tr><td>YSC (Youtube)&nbsp;<\/td><td>Sesi\u00f3n<\/td><td>Registra una identificaci\u00f3n \u00fanica para mantener un registro de los videos vistos por el usuario.<\/td><\/tr><\/tbody><\/table><\/figure>","protected":false},"excerpt":{"rendered":"<p>POL\u00cdTICA DE COOKIES 1. INTRODU\u00c7\u00c3O A presente Pol\u00edtica aplica-se ao site\u00a0https:\/\/pkovidros.com.br e seus subdom\u00ednios (\u201csite\u201d), de propriedade da\u00a0PKO Vidros\u00a0com sede na cidade de Mogi das [&hellip;]<\/p>","protected":false},"author":975910,"featured_media":0,"parent":0,"menu_order":0,"comment_status":"closed","ping_status":"closed","template":"page-cookies.php","meta":{"_acf_changed":false,"inline_featured_image":false,"footnotes":""},"class_list":["post-116842","page","type-page","status-publish","hentry"],"acf":[],"yoast_head":"<!-- This site is optimized with the Yoast SEO plugin v26.4 - https:\/\/yoast.com\/wordpress\/plugins\/seo\/ -->\n<title>Pol\u00edtica de Cookies - PKO Vidros<\/title>\n<meta name=\"robots\" content=\"index, follow, max-snippet:-1, max-image-preview:large, max-video-preview:-1\" \/>\n<link rel=\"canonical\" href=\"https:\/\/pkovidros.com.br\/es\/politica-de-cookies\/\" \/>\n<meta property=\"og:locale\" content=\"es_MX\" \/>\n<meta property=\"og:type\" content=\"article\" \/>\n<meta property=\"og:title\" content=\"Pol\u00edtica de Cookies - PKO Vidros\" \/>\n<meta property=\"og:description\" content=\"POL\u00cdTICA DE COOKIES 1. INTRODU\u00c7\u00c3O A presente Pol\u00edtica aplica-se ao site\u00a0https:\/\/pkovidros.com.br e seus subdom\u00ednios (\u201csite\u201d), de propriedade da\u00a0PKO Vidros\u00a0com sede na cidade de Mogi das [&hellip;]\" \/>\n<meta property=\"og:url\" content=\"https:\/\/pkovidros.com.br\/es\/politica-de-cookies\/\" \/>\n<meta property=\"og:site_name\" content=\"PKO Vidros\" \/>\n<meta property=\"article:modified_time\" content=\"2026-02-24T18:04:07+00:00\" \/>\n<meta name=\"twitter:card\" content=\"summary_large_image\" \/>\n<meta name=\"twitter:label1\" content=\"Tiempo de lectura\" \/>\n\t<meta name=\"twitter:data1\" content=\"6 minutos\" \/>\n<script type=\"application\/ld+json\" class=\"yoast-schema-graph\">{\"@context\":\"https:\/\/schema.org\",\"@graph\":[{\"@type\":\"WebPage\",\"@id\":\"https:\/\/pkovidros.com.br\/politica-de-cookies\/\",\"url\":\"https:\/\/pkovidros.com.br\/politica-de-cookies\/\",\"name\":\"Pol\u00edtica de Cookies - PKO Vidros\",\"isPartOf\":{\"@id\":\"https:\/\/pkovidros.com.br\/#website\"},\"datePublished\":\"2023-11-29T12:37:41+00:00\",\"dateModified\":\"2026-02-24T18:04:07+00:00\",\"breadcrumb\":{\"@id\":\"https:\/\/pkovidros.com.br\/politica-de-cookies\/#breadcrumb\"},\"inLanguage\":\"es\",\"potentialAction\":[{\"@type\":\"ReadAction\",\"target\":[\"https:\/\/pkovidros.com.br\/politica-de-cookies\/\"]}]},{\"@type\":\"BreadcrumbList\",\"@id\":\"https:\/\/pkovidros.com.br\/politica-de-cookies\/#breadcrumb\",\"itemListElement\":[{\"@type\":\"ListItem\",\"position\":1,\"name\":\"In\u00edcio\",\"item\":\"https:\/\/pkovidros.com.br\/\"},{\"@type\":\"ListItem\",\"position\":2,\"name\":\"Pol\u00edtica de Cookies\"}]},{\"@type\":\"WebSite\",\"@id\":\"https:\/\/pkovidros.com.br\/#website\",\"url\":\"https:\/\/pkovidros.com.br\/\",\"name\":\"PKO Vidros\",\"description\":\"Beneficiadora de Vidros\",\"publisher\":{\"@id\":\"https:\/\/pkovidros.com.br\/#organization\"},\"potentialAction\":[{\"@type\":\"SearchAction\",\"target\":{\"@type\":\"EntryPoint\",\"urlTemplate\":\"https:\/\/pkovidros.com.br\/?s={search_term_string}\"},\"query-input\":{\"@type\":\"PropertyValueSpecification\",\"valueRequired\":true,\"valueName\":\"search_term_string\"}}],\"inLanguage\":\"es\"},{\"@type\":\"Organization\",\"@id\":\"https:\/\/pkovidros.com.br\/#organization\",\"name\":\"PKO Vidros\",\"url\":\"https:\/\/pkovidros.com.br\/\",\"logo\":{\"@type\":\"ImageObject\",\"inLanguage\":\"es\",\"@id\":\"https:\/\/pkovidros.com.br\/#\/schema\/logo\/image\/\",\"url\":\"https:\/\/pkovidros.com.br\/wp-content\/uploads\/2024\/11\/logo_menu.png\",\"contentUrl\":\"https:\/\/pkovidros.com.br\/wp-content\/uploads\/2024\/11\/logo_menu.png\",\"width\":150,\"height\":24,\"caption\":\"PKO Vidros\"},\"image\":{\"@id\":\"https:\/\/pkovidros.com.br\/#\/schema\/logo\/image\/\"}}]}<\/script>\n<!-- \/ Yoast SEO plugin. -->","yoast_head_json":{"title":"Pol\u00edtica de Cookies - PKO Vidros","robots":{"index":"index","follow":"follow","max-snippet":"max-snippet:-1","max-image-preview":"max-image-preview:large","max-video-preview":"max-video-preview:-1"},"canonical":"https:\/\/pkovidros.com.br\/es\/politica-de-cookies\/","og_locale":"es_MX","og_type":"article","og_title":"Pol\u00edtica de Cookies - PKO Vidros","og_description":"POL\u00cdTICA DE COOKIES 1. INTRODU\u00c7\u00c3O A presente Pol\u00edtica aplica-se ao site\u00a0https:\/\/pkovidros.com.br e seus subdom\u00ednios (\u201csite\u201d), de propriedade da\u00a0PKO Vidros\u00a0com sede na cidade de Mogi das [&hellip;]","og_url":"https:\/\/pkovidros.com.br\/es\/politica-de-cookies\/","og_site_name":"PKO Vidros","article_modified_time":"2026-02-24T18:04:07+00:00","twitter_card":"summary_large_image","twitter_misc":{"Tiempo de lectura":"6 minutos"},"schema":{"@context":"https:\/\/schema.org","@graph":[{"@type":"WebPage","@id":"https:\/\/pkovidros.com.br\/politica-de-cookies\/","url":"https:\/\/pkovidros.com.br\/politica-de-cookies\/","name":"Pol\u00edtica de Cookies - PKO Vidros","isPartOf":{"@id":"https:\/\/pkovidros.com.br\/#website"},"datePublished":"2023-11-29T12:37:41+00:00","dateModified":"2026-02-24T18:04:07+00:00","breadcrumb":{"@id":"https:\/\/pkovidros.com.br\/politica-de-cookies\/#breadcrumb"},"inLanguage":"es","potentialAction":[{"@type":"ReadAction","target":["https:\/\/pkovidros.com.br\/politica-de-cookies\/"]}]},{"@type":"BreadcrumbList","@id":"https:\/\/pkovidros.com.br\/politica-de-cookies\/#breadcrumb","itemListElement":[{"@type":"ListItem","position":1,"name":"In\u00edcio","item":"https:\/\/pkovidros.com.br\/"},{"@type":"ListItem","position":2,"name":"Pol\u00edtica de Cookies"}]},{"@type":"WebSite","@id":"https:\/\/pkovidros.com.br\/#website","url":"https:\/\/pkovidros.com.br\/","name":"Vidrio PKO","description":"Beneficiadora de Vidros","publisher":{"@id":"https:\/\/pkovidros.com.br\/#organization"},"potentialAction":[{"@type":"SearchAction","target":{"@type":"EntryPoint","urlTemplate":"https:\/\/pkovidros.com.br\/?s={search_term_string}"},"query-input":{"@type":"PropertyValueSpecification","valueRequired":true,"valueName":"search_term_string"}}],"inLanguage":"es"},{"@type":"Organization","@id":"https:\/\/pkovidros.com.br\/#organization","name":"Vidrio PKO","url":"https:\/\/pkovidros.com.br\/","logo":{"@type":"ImageObject","inLanguage":"es","@id":"https:\/\/pkovidros.com.br\/#\/schema\/logo\/image\/","url":"https:\/\/pkovidros.com.br\/wp-content\/uploads\/2024\/11\/logo_menu.png","contentUrl":"https:\/\/pkovidros.com.br\/wp-content\/uploads\/2024\/11\/logo_menu.png","width":150,"height":24,"caption":"PKO Vidros"},"image":{"@id":"https:\/\/pkovidros.com.br\/#\/schema\/logo\/image\/"}}]}},"_links":{"self":[{"href":"https:\/\/pkovidros.com.br\/es\/wp-json\/wp\/v2\/pages\/116842","targetHints":{"allow":["GET"]}}],"collection":[{"href":"https:\/\/pkovidros.com.br\/es\/wp-json\/wp\/v2\/pages"}],"about":[{"href":"https:\/\/pkovidros.com.br\/es\/wp-json\/wp\/v2\/types\/page"}],"author":[{"embeddable":true,"href":"https:\/\/pkovidros.com.br\/es\/wp-json\/wp\/v2\/users\/975910"}],"replies":[{"embeddable":true,"href":"https:\/\/pkovidros.com.br\/es\/wp-json\/wp\/v2\/comments?post=116842"}],"version-history":[{"count":5,"href":"https:\/\/pkovidros.com.br\/es\/wp-json\/wp\/v2\/pages\/116842\/revisions"}],"predecessor-version":[{"id":186099,"href":"https:\/\/pkovidros.com.br\/es\/wp-json\/wp\/v2\/pages\/116842\/revisions\/186099"}],"wp:attachment":[{"href":"https:\/\/pkovidros.com.br\/es\/wp-json\/wp\/v2\/media?parent=116842"}],"curies":[{"name":"wp","href":"https:\/\/api.w.org\/{rel}","templated":true}]}}