{"id":116840,"date":"2023-11-29T09:35:28","date_gmt":"2023-11-29T12:35:28","guid":{"rendered":"https:\/\/pkodobrasil.com.brprovi\/?page_id=116840"},"modified":"2026-03-17T16:36:25","modified_gmt":"2026-03-17T19:36:25","slug":"termos-de-uso","status":"publish","type":"page","link":"https:\/\/pkovidros.com.br\/es\/termos-de-uso\/","title":{"rendered":"Terminos de uso"},"content":{"rendered":"<h1 class=\"wp-block-heading\">TERMINOS DE USO<\/h1>\n\n\n\n<p><strong>Vidrio PKO&nbsp;<\/strong>con sede en la ciudad de Mogi das Cruzes en el estado de SP en la Avenida Ant\u00f4nio de Almeida No. 1111&nbsp;<strong>dispon\u00edvel no link&nbsp;https:\/\/pkovidros.com.br, para voc\u00ea (doravante \u201cVoc\u00ea\u201d ou \u201cUsu\u00e1rio\u201d).<\/strong><\/p>\n\n\n\n<h2 class=\"wp-block-heading\">1. NUESTRO SERVICIO<\/h2>\n\n\n\n<p>Nuestra credibilidad, innovaci\u00f3n, flexibilidad, compromiso y transparencia nos llevan a buscar constantemente la innovaci\u00f3n, a trav\u00e9s de inversiones en tecnolog\u00eda y desarrollo humano de nuestros empleados. Estos factores son fundamentales para el reconocimiento de PKO (en adelante \u201cPKO Vidros\u201d) como un referente en el mercado.<\/p>\n\n\n\n<h2 class=\"wp-block-heading\">2. USO DE OMP&nbsp;<\/h2>\n\n\n\n<p>Todo lo que publique o ponga a disposici\u00f3n en PKO es contenido. Usted conserva todos los derechos sobre el contenido y es el \u00fanico responsable del contenido que publica en PKO.<\/p>\n\n\n\n<p>En este sentido, al insertar contenidos en PKO, incluidas fotograf\u00edas y otra informaci\u00f3n, as\u00ed como comentarios sobre creaciones, el Usuario declara poseer todos los derechos necesarios y pertinentes para la difusi\u00f3n de los materiales en cuesti\u00f3n, principalmente en lo que respecta a los derechos de autor de las im\u00e1genes. , creaciones, textos y otros elementos as\u00ed como los derechos de imagen de terceros eventualmente retratados en dichas im\u00e1genes.<\/p>\n\n\n\n<p>Usted otorga a PKO y a nuestros usuarios una licencia mundial no exclusiva, libre de regal\u00edas, transferible, sublicenciable para usar, almacenar, mostrar, reproducir, guardar, modificar, crear trabajos derivados, realizar y distribuir su Contenido publicado en PKO exclusivamente para el fines de operar, desarrollar, proporcionar y utilizar el Servicio. Nada en estos T\u00e9rminos restringir\u00e1 otros derechos legales que PKO pueda tener sobre el contenido, por ejemplo, bajo otras licencias. Nos reservamos el derecho de eliminar o modificar contenido, o cambiar la forma en que se usa en el Servicio por cualquier motivo, incluido el contenido que creemos que viola estos T\u00e9rminos o cualquier otra pol\u00edtica.<\/p>\n\n\n\n<p>En resumen, le das permiso a PKO para usar tu contenido. Esto significa que PKO puede mostrar y reproducir tus Pines y videos, y la gente puede usarlos en todo el mundo.<\/p>\n\n\n\n<p>Al acceder a PKO, el Usuario tendr\u00e1 acceso a diversas funcionalidades, disponibles independientemente del registro previo, as\u00ed como a otros recursos disponibles \u00fanicamente despu\u00e9s de proporcionar los datos de identificaci\u00f3n solicitados para fines de registro.<\/p>\n\n\n\n<p>No debe publicar Contenido que fomente conductas que violen leyes o regulaciones, incluidas, entre otras, leyes o regulaciones aplicables a su l\u00ednea de negocio y publicidad. Usted es responsable del Contenido y de todo el Contenido de terceros publicado en sus Foros, y declara y garantiza que el Contenido y todo el Contenido de terceros publicado en sus Foros cumplen con todas las leyes y regulaciones aplicables. Excepto lo expresamente dispuesto en estos T\u00e9rminos, usted acepta no usar, modificar, reproducir, distribuir, vender, licenciar o utilizar de otro modo el Servicio sin nuestro permiso.<\/p>\n\n\n\n<p>Usted acepta que cualquier Contenido que publique en PKO no viola ni violar\u00e1 ninguna ley ni infringir\u00e1 los derechos de ning\u00fan tercero.<\/p>\n\n\n\n<p>Adem\u00e1s, el Usuario reconoce que es \u00fanica y exclusivamente responsable de toda la informaci\u00f3n proporcionada a trav\u00e9s de PKO, incluso si eventualmente resulta inexacta, incompleta o desactualizada.<\/p>\n\n\n\n<p>Asimismo, el Usuario declara ser consciente de que es el \u00fanico responsable de los da\u00f1os y perjuicios que pudieran sufrir terceros a causa de la facilitaci\u00f3n indebida de contenidos y\/o del suministro de informaci\u00f3n incorrecta, inexacta o no actualizada, as\u00ed como de comentarios que contengan contenidos il\u00edcitos. contenido y\/o de cualquier forma prohibido por estos T\u00e9rminos, eximiendo al Proveedor de toda responsabilidad por el contenido proporcionado por el Usuario.<\/p>\n\n\n\n<p>En este sentido, el Usuario declara ser consciente de que el Prestador podr\u00e1, sin tener obligaci\u00f3n alguna al respecto, comprobar los contenidos puestos a disposici\u00f3n en PKO y disponer su eliminaci\u00f3n si entiende que violan lo dispuesto en estos T\u00e9rminos y\/o en Brasil. legislaci\u00f3n, as\u00ed como la moral y las buenas costumbres, sin previo aviso al Usuario ni exigencia de indemnizaci\u00f3n por ello.<\/p>\n\n\n\n<h3 class=\"wp-block-heading\">2.1. QUI\u00c9N PUEDE USAR PKO<\/h3>\n\n\n\n<p>Usted acepta expresamente que s\u00f3lo acceder\u00e1 o utilizar\u00e1 PKO para los fines para los que est\u00e1 destinado, incluidos los permitidos por estos T\u00e9rminos y la legislaci\u00f3n vigente.<\/p>\n\n\n\n<p>Adem\u00e1s, el Usuario, al aceptar estos T\u00e9rminos, declara ser civilmente capaz ante la ley, o estar debidamente autorizado por sus tutores legales para aceptar estos T\u00e9rminos.<\/p>\n\n\n\n<p>Adem\u00e1s, al aceptar los T\u00e9rminos y utilizar PKO, el Usuario declara ser consciente de que:<\/p>\n\n\n\n<ul class=\"wp-block-list\">\n<li>Excepto con la autorizaci\u00f3n expresa por escrito del Proveedor, no puede modificar, copiar, distribuir, transmitir, mostrar, realizar, reproducir, publicar, licenciar, crear trabajos derivados, mostrar en otra p\u00e1gina web, usar en cualquier otro sitio web, transferir o vender cualquier informaci\u00f3n, software, listas de usuarios, bases de datos u otras listas, productos o servicios proporcionados u obtenidos por PKO, incluidas, entre otras, pr\u00e1cticas que impliquen \u201cscreen scraping\u201d, \u201cdatabase scraping\u201d o cualquier otra actividad con el fin de obtener listas de usuarios u otra informaci\u00f3n;<\/li>\n<\/ul>\n\n\n\n<ul class=\"wp-block-list\">\n<li>No podr\u00e1 enviar ni transmitir, ni de cualquier forma alterar, eliminar o corromper informaci\u00f3n de terceros, as\u00ed como poner a disposici\u00f3n informaci\u00f3n que pueda inducir a error a otros Usuarios y a terceros, que incite a la violencia o la intolerancia de cualquier naturaleza, que sea ofensiva o que contradiga la ley, el orden p\u00fablico, estos T\u00e9rminos u otros documentos aplicables a PKO;<\/li>\n\n\n\n<li>No podr\u00e1 registrarse en PKO utilizando informaci\u00f3n falsa o perteneciente a terceros;<\/li>\n\n\n\n<li>No podr\u00e1 enviar ni transmitir ning\u00fan tipo de c\u00f3digo malicioso, virus electr\u00f3nico o contenido destructivo que pueda exponer informaci\u00f3n de PKO, Usuarios, terceros, o que pueda causar cualquier tipo de da\u00f1o a sus equipos;<\/li>\n\n\n\n<li>Excepto con el permiso previo por escrito de PKO, no puede acceder ni intentar acceder a las contrase\u00f1as protegidas, \u00e1reas restringidas, \u00e1reas seguras o no p\u00fablicas de PKO;<\/li>\n\n\n\n<li>No podr\u00e1 realizar ninguna actividad en PKO que viole los derechos de propiedad intelectual del Proveedor, de otros Usuarios o de terceros, o da\u00f1e, inutilice, sobrecargue, perjudique a PKO o interfiera con el uso de cualquier parte integrada de los activos de PKO; y\/o<\/li>\n\n\n\n<li>No puede obtener ni intentar obtener ning\u00fan material o informaci\u00f3n a trav\u00e9s de ning\u00fan medio al que no se pueda acceder por otros medios y que no est\u00e9 disponible f\u00e1cilmente por parte del Proveedor.<\/li>\n<\/ul>\n\n\n\n<p>El Usuario declara ser consciente de que es el \u00fanico responsable del uso de PKO, eximiendo al Proveedor de responsabilidad por cualquier uso il\u00edcito y\/o inapropiado de PKO y\/o contrario a los presentes T\u00e9rminos.<\/p>\n\n\n\n<p>Adem\u00e1s, el Usuario podr\u00e1 crear un enlace directo a cualquier p\u00e1gina de PKO, sabiendo que debe identificar claramente que el enlace en cuesti\u00f3n est\u00e1 conectado a una p\u00e1gina de PKO. Por tanto, al crear el enlace, el Usuario acepta expresamente que:<\/p>\n\n\n\n<ol class=\"wp-block-list\">\n<li>No utilizar\u00e1 ninguna tecnolog\u00eda que d\u00e9 como resultado que el contenido de PKO se mueva a un marco y\/o una ventana emergente reducida y\/o cualquier otro mecanismo de visualizaci\u00f3n que cambie la apariencia de PKO tal como aparece en el acceso directo;<\/li>\n\n\n\n<li>Su sitio web no debe mostrar contenido ni enlaces a otros sitios web que contengan contenido ilegal, obsceno, indecente, despectivo, discriminatorio o de otro modo ofensivo, seg\u00fan la ley;<\/li>\n\n\n\n<li>Poseer todos los derechos necesarios para utilizar el nombre de dominio adoptado, as\u00ed como no violar ning\u00fan derecho de terceros por la provisi\u00f3n de contenidos;<\/li>\n\n\n\n<li>De ninguna manera acceder\u00e1, recopilar\u00e1, almacenar\u00e1, divulgar\u00e1, transferir\u00e1 ni utilizar\u00e1 ninguna informaci\u00f3n obtenida o derivada del acceso o uso de PKO por parte de un usuario.<\/li>\n<\/ol>\n\n\n\n<p>PKO se reserva el derecho de revocar este permiso de creaci\u00f3n de enlace en cualquier momento, seg\u00fan su propio criterio, en cuyo caso el Usuario se compromete a dejar de utilizar el enlace inmediatamente.<\/p>\n\n\n\n<h3 class=\"wp-block-heading\">2.2. NUESTRA LICENCIA PARA USTED<\/h3>\n\n\n\n<p>Sujeto a estos T\u00e9rminos y nuestras pol\u00edticas (incluidas nuestras Normas comunitarias), le otorgamos una licencia limitada, no exclusiva, intransferible y revocable para utilizar nuestro Servicio.<\/p>\n\n\n\n<h2 class=\"wp-block-heading\">3. TU CONTENIDO<\/h2>\n\n\n\n<h3 class=\"wp-block-heading\">3.1. PUBLICAR CONTENIDO<\/h3>\n\n\n\n<p>Todos los textos, im\u00e1genes, fotograf\u00edas, ilustraciones, iconos, diagramaciones, dise\u00f1os, recursos, sistemas, bases de datos, im\u00e1genes, tecnolog\u00edas, enlaces y otros contenidos visuales, audiovisuales o sonoros, incluidos los dise\u00f1os gr\u00e1ficos y c\u00f3digos fuente de PKO, son propiedad exclusiva del Proveedor ( o terceros que han autorizado su uso por parte del Prestador) y est\u00e1n protegidos por las leyes y tratados nacionales e internacionales, quedando expresamente prohibida la copia, reproducci\u00f3n, descarga o cualquier otro tipo de uso con fines comerciales o no comerciales.<\/p>\n\n\n\n<p>Todas las marcas, nombres comerciales y logotipos de cualquier tipo presentados en PKO son propiedad del Proveedor (o de terceros que han autorizado su uso por parte del Proveedor) y el uso de PKO no puede entenderse como una autorizaci\u00f3n para que los Usuarios utilicen las marcas. nombres comerciales y logotipos.<\/p>\n\n\n\n<p>Adem\u00e1s, al hacer que el contenido est\u00e9 disponible en el sitio web, usted otorga y transfiere una licencia irrevocable, perpetua, no exclusiva, gratuita y mundial para que el Proveedor use, copie, replique, muestre y distribuya el contenido, as\u00ed como para preparar trabajos derivados del mismo. o incorporar en otras obras al contenido, as\u00ed como disponer libremente del mismo.<\/p>\n\n\n\n<p>El uso indebido de estos materiales protegidos constituir\u00e1 una violaci\u00f3n flagrante de la legislaci\u00f3n pertinente, quedando usted o cualquier tercero que haga dicho uso sujeto a las oportunas medidas judiciales y\/o extrajudiciales que sean necesarias, sin perjuicio de la indemnizaci\u00f3n por da\u00f1os y perjuicios. causado.<\/p>\n\n\n\n<h3 class=\"wp-block-heading\">3.2. \u00bfCU\u00c1NTO TIEMPO CONSERVAMOS TU CONTENIDO?<\/h3>\n\n\n\n<p>Tras la terminaci\u00f3n o desactivaci\u00f3n, o si elimina alg\u00fan Contenido de PKO, podemos conservar su Contenido durante un per\u00edodo de tiempo razonable para fines de copia de seguridad, archivo o auditor\u00eda. PKO y sus usuarios pueden mantener y continuar usando, almacenar, mostrar, reproducir, volver a fijar, modificar, crear trabajos derivados, realizar y distribuir cualquier Contenido que otros usuarios hayan almacenado o compartido en PKO.<\/p>\n\n\n\n<h2 class=\"wp-block-heading\">4. POL\u00cdTICA DE DERECHOS DE AUTOR<\/h2>\n\n\n\n<p>PKO ha adoptado e implementado la Pol\u00edtica de Derechos de Autor de acuerdo con la Ley General de Protecci\u00f3n de Datos. El Proveedor se compromete a mantener la privacidad y seguridad de toda la informaci\u00f3n no publicable, entendida como, entre otras, la relacionada con sus datos e informaci\u00f3n personal, que Usted deber\u00e1 proporcionar a PKO, de conformidad con su Pol\u00edtica de Privacidad, disponible en&nbsp;<a href=\"https:\/\/pkovidros.com.br\/es\/politica-de-privacidade\/\"><strong>https:\/\/pkovidros.com.br\/politica-de-privacidade<\/strong><\/a>.<\/p>\n\n\n\n<h2 class=\"wp-block-heading\">5. SEGURIDAD<\/h2>\n\n\n\n<p>Nos preocupamos por la seguridad de nuestros usuarios. Si bien trabajamos para proteger la seguridad de su contenido y su cuenta, PKO no puede garantizar que terceros no autorizados no puedan eludir nuestras medidas de seguridad. Le pedimos que mantenga su contrase\u00f1a segura. Notif\u00edquenos inmediatamente de cualquier compromiso o uso no autorizado de su cuenta.<\/p>\n\n\n\n<h2 class=\"wp-block-heading\">6. ENLACES, SITIOS Y SERVICIOS DE TERCEROS<\/h2>\n\n\n\n<p>PKO puede contener enlaces a sitios web de terceros, anunciantes, servicios, ofertas especiales u otros eventos o actividades que no son propiedad de PKO ni est\u00e1n controlados por ella. No respaldamos ni asumimos ninguna responsabilidad por sitios web, informaci\u00f3n, materiales, productos o servicios de terceros. Si accede a cualquier sitio web, servicio o contenido de terceros desde PKO, lo hace bajo su propio riesgo y acepta que PKO no tendr\u00e1 ninguna responsabilidad derivada del uso o acceso a cualquier sitio web, servicio o contenido de terceros.<\/p>\n\n\n\n<h2 class=\"wp-block-heading\">7. CIERRE<\/h2>\n\n\n\n<p>El PKO se pone a disposici\u00f3n del Usuario por tiempo indefinido. Sin embargo, el Proveedor podr\u00e1, en cualquier momento, discontinuarlo o suspender el acceso del Usuario a PKO en caso de irregularidad con base en estos T\u00e9rminos y\/o la legislaci\u00f3n, la moral y las buenas costumbres brasile\u00f1as, sin necesidad de previo aviso al Usuario. y no se le deber\u00e1 ninguna compensaci\u00f3n como resultado.<\/p>\n\n\n\n<h2 class=\"wp-block-heading\">8. DISPOSICIONES GENERALES<\/h2>\n\n\n\n<p>Cualquier cl\u00e1usula o condici\u00f3n de este instrumento que, por cualquier motivo, sea considerada nula o ineficaz por cualquier juzgado o tribunal, no afectar\u00e1 la validez de las dem\u00e1s disposiciones de estos T\u00e9rminos, las cuales permanecer\u00e1n plenamente v\u00e1lidas y vinculantes, generando efectos al m\u00e1ximo. medida.<\/p>\n\n\n\n<p>El hecho de que el Proveedor no haga cumplir cualquier derecho o disposici\u00f3n de estos T\u00e9rminos no constituir\u00e1 una renuncia, y el Proveedor podr\u00e1 ejercer regularmente su derecho, dentro de los plazos legales.<\/p>\n\n\n\n<p>Usted acepta indemnizar y eximir de responsabilidad a PKO y sus funcionarios, directores, empleados y agentes, de y contra todos y cada uno de los reclamos, demandas, procedimientos, disputas, demandas, responsabilidades, da\u00f1os, p\u00e9rdidas, costos y gastos, incluidos, entre otros, abogados. &#039; honorarios y contabilidad (como los costos de defensa de reclamos, procedimientos o apelaciones presentados por terceros), de cualquier manera relacionados con (a) su acceso o uso de nuestro Servicio, (b) su contenido (c) su violaci\u00f3n de cualquiera de estos T\u00e9rminos.<\/p>\n\n\n\n<p>No asumimos ning\u00fan compromiso ni asumimos ninguna responsabilidad por el contenido que usted, el usuario o cualquier tercero publique o env\u00ede utilizando nuestro Servicio.&nbsp;<\/p>\n\n\n\n<p>Usted comprende y acepta que otros pueden ser considerados responsables del contenido que sea inexacto, objetable, inapropiado para ni\u00f1os o de otro modo inadecuado para sus prop\u00f3sitos.<\/p>\n\n\n\n<p>Para quaisquer quest\u00f5es ou d\u00favidas sobre estes termos, voc\u00ea poder\u00e1 entrar em contato atrav\u00e9s do e-mail\u00a0lgpd@pkovidros.com.br.<\/p>\n\n\n\n<p>Todos los correos electr\u00f3nicos de marketing, boletines informativos y otras comunicaciones de PKO se realizar\u00e1n a trav\u00e9s del avatar de la empresa, tambi\u00e9n conocido como Isa Sabbia, quien no es una persona f\u00edsica, sino un individuo creado con el prop\u00f3sito de responder correos electr\u00f3nicos.<\/p>\n\n\n\n<h2 class=\"wp-block-heading\">9. LEGISLACI\u00d3N Y JURISDICCI\u00d3N<\/h2>\n\n\n\n<p>Estos T\u00e9rminos se rigen exclusivamente por las leyes de Brasil.<\/p>\n\n\n\n<p>Las partes eligen el foro de la ciudad de Mogi das Cruzes, para resolver cualquier duda, cuesti\u00f3n o controversia que surja de los presentes T\u00e9rminos, con renuncia expresa a cualquier otro foro, sin considerar cuestiones de privilegio, y se someten a la jurisdicci\u00f3n exclusiva de dichos tribunales en relaci\u00f3n con cualquier disputa relacionada con el Sitio o estos T\u00e9rminos.<\/p>\n\n\n\n<h2 class=\"wp-block-heading\">10. ARBITRAJE<\/h2>\n\n\n\n<p>Cualquier disputa que surja de o est\u00e9 relacionada con este contrato, incluso con respecto a su interpretaci\u00f3n o ejecuci\u00f3n, se resolver\u00e1 definitivamente mediante arbitraje, administrado por la oficina de Era&amp;Nagoshi (<a href=\"http:\/\/www.eraenagoshi.com.br\/\">www.eraenagoshi.com.br<\/a>), de conformidad con su Reglamento, quedando el tribunal arbitral constituido por [uno\/tres] \u00e1rbitros, designados de conformidad con el citado Reglamento.<\/p>","protected":false},"excerpt":{"rendered":"<p>TERMOS DE USO PKO Vidros&nbsp;com sede na cidade de Mogi das Cruzes no estado de SP na Avenida Ant\u00f4nio de Almeida No. 1111&nbsp;dispon\u00edvel no link&nbsp;https:\/\/pkovidros.com.br, [&hellip;]<\/p>","protected":false},"author":975910,"featured_media":0,"parent":0,"menu_order":0,"comment_status":"closed","ping_status":"closed","template":"page-termos.php","meta":{"_acf_changed":false,"inline_featured_image":false,"footnotes":""},"class_list":["post-116840","page","type-page","status-publish","hentry"],"acf":[],"yoast_head":"<!-- This site is optimized with the Yoast SEO plugin v26.4 - https:\/\/yoast.com\/wordpress\/plugins\/seo\/ -->\n<title>Termos de Uso - PKO Vidros<\/title>\n<meta name=\"robots\" content=\"index, follow, max-snippet:-1, max-image-preview:large, max-video-preview:-1\" \/>\n<link rel=\"canonical\" href=\"https:\/\/pkovidros.com.br\/es\/termos-de-uso\/\" \/>\n<meta property=\"og:locale\" content=\"es_MX\" \/>\n<meta property=\"og:type\" content=\"article\" \/>\n<meta property=\"og:title\" content=\"Termos de Uso - PKO Vidros\" \/>\n<meta property=\"og:description\" content=\"TERMOS DE USO PKO Vidros&nbsp;com sede na cidade de Mogi das Cruzes no estado de SP na Avenida Ant\u00f4nio de Almeida No. 1111&nbsp;dispon\u00edvel no link&nbsp;https:\/\/pkovidros.com.br, [&hellip;]\" \/>\n<meta property=\"og:url\" content=\"https:\/\/pkovidros.com.br\/es\/termos-de-uso\/\" \/>\n<meta property=\"og:site_name\" content=\"PKO Vidros\" \/>\n<meta property=\"article:modified_time\" content=\"2026-03-17T19:36:25+00:00\" \/>\n<meta name=\"twitter:card\" content=\"summary_large_image\" \/>\n<meta name=\"twitter:label1\" content=\"Tiempo de lectura\" \/>\n\t<meta name=\"twitter:data1\" content=\"13 minutos\" \/>\n<script type=\"application\/ld+json\" class=\"yoast-schema-graph\">{\"@context\":\"https:\/\/schema.org\",\"@graph\":[{\"@type\":\"WebPage\",\"@id\":\"https:\/\/pkovidros.com.br\/termos-de-uso\/\",\"url\":\"https:\/\/pkovidros.com.br\/termos-de-uso\/\",\"name\":\"Termos de Uso - PKO Vidros\",\"isPartOf\":{\"@id\":\"https:\/\/pkovidros.com.br\/#website\"},\"datePublished\":\"2023-11-29T12:35:28+00:00\",\"dateModified\":\"2026-03-17T19:36:25+00:00\",\"breadcrumb\":{\"@id\":\"https:\/\/pkovidros.com.br\/termos-de-uso\/#breadcrumb\"},\"inLanguage\":\"es\",\"potentialAction\":[{\"@type\":\"ReadAction\",\"target\":[\"https:\/\/pkovidros.com.br\/termos-de-uso\/\"]}]},{\"@type\":\"BreadcrumbList\",\"@id\":\"https:\/\/pkovidros.com.br\/termos-de-uso\/#breadcrumb\",\"itemListElement\":[{\"@type\":\"ListItem\",\"position\":1,\"name\":\"In\u00edcio\",\"item\":\"https:\/\/pkovidros.com.br\/\"},{\"@type\":\"ListItem\",\"position\":2,\"name\":\"Termos de Uso\"}]},{\"@type\":\"WebSite\",\"@id\":\"https:\/\/pkovidros.com.br\/#website\",\"url\":\"https:\/\/pkovidros.com.br\/\",\"name\":\"PKO Vidros\",\"description\":\"Beneficiadora de Vidros\",\"publisher\":{\"@id\":\"https:\/\/pkovidros.com.br\/#organization\"},\"potentialAction\":[{\"@type\":\"SearchAction\",\"target\":{\"@type\":\"EntryPoint\",\"urlTemplate\":\"https:\/\/pkovidros.com.br\/?s={search_term_string}\"},\"query-input\":{\"@type\":\"PropertyValueSpecification\",\"valueRequired\":true,\"valueName\":\"search_term_string\"}}],\"inLanguage\":\"es\"},{\"@type\":\"Organization\",\"@id\":\"https:\/\/pkovidros.com.br\/#organization\",\"name\":\"PKO Vidros\",\"url\":\"https:\/\/pkovidros.com.br\/\",\"logo\":{\"@type\":\"ImageObject\",\"inLanguage\":\"es\",\"@id\":\"https:\/\/pkovidros.com.br\/#\/schema\/logo\/image\/\",\"url\":\"https:\/\/pkovidros.com.br\/wp-content\/uploads\/2024\/11\/logo_menu.png\",\"contentUrl\":\"https:\/\/pkovidros.com.br\/wp-content\/uploads\/2024\/11\/logo_menu.png\",\"width\":150,\"height\":24,\"caption\":\"PKO Vidros\"},\"image\":{\"@id\":\"https:\/\/pkovidros.com.br\/#\/schema\/logo\/image\/\"}}]}<\/script>\n<!-- \/ Yoast SEO plugin. -->","yoast_head_json":{"title":"Termos de Uso - PKO Vidros","robots":{"index":"index","follow":"follow","max-snippet":"max-snippet:-1","max-image-preview":"max-image-preview:large","max-video-preview":"max-video-preview:-1"},"canonical":"https:\/\/pkovidros.com.br\/es\/termos-de-uso\/","og_locale":"es_MX","og_type":"article","og_title":"Termos de Uso - PKO Vidros","og_description":"TERMOS DE USO PKO Vidros&nbsp;com sede na cidade de Mogi das Cruzes no estado de SP na Avenida Ant\u00f4nio de Almeida No. 1111&nbsp;dispon\u00edvel no link&nbsp;https:\/\/pkovidros.com.br, [&hellip;]","og_url":"https:\/\/pkovidros.com.br\/es\/termos-de-uso\/","og_site_name":"PKO Vidros","article_modified_time":"2026-03-17T19:36:25+00:00","twitter_card":"summary_large_image","twitter_misc":{"Tiempo de lectura":"13 minutos"},"schema":{"@context":"https:\/\/schema.org","@graph":[{"@type":"WebPage","@id":"https:\/\/pkovidros.com.br\/termos-de-uso\/","url":"https:\/\/pkovidros.com.br\/termos-de-uso\/","name":"Termos de Uso - PKO Vidros","isPartOf":{"@id":"https:\/\/pkovidros.com.br\/#website"},"datePublished":"2023-11-29T12:35:28+00:00","dateModified":"2026-03-17T19:36:25+00:00","breadcrumb":{"@id":"https:\/\/pkovidros.com.br\/termos-de-uso\/#breadcrumb"},"inLanguage":"es","potentialAction":[{"@type":"ReadAction","target":["https:\/\/pkovidros.com.br\/termos-de-uso\/"]}]},{"@type":"BreadcrumbList","@id":"https:\/\/pkovidros.com.br\/termos-de-uso\/#breadcrumb","itemListElement":[{"@type":"ListItem","position":1,"name":"In\u00edcio","item":"https:\/\/pkovidros.com.br\/"},{"@type":"ListItem","position":2,"name":"Termos de Uso"}]},{"@type":"WebSite","@id":"https:\/\/pkovidros.com.br\/#website","url":"https:\/\/pkovidros.com.br\/","name":"Vidrio PKO","description":"Beneficiadora de Vidros","publisher":{"@id":"https:\/\/pkovidros.com.br\/#organization"},"potentialAction":[{"@type":"SearchAction","target":{"@type":"EntryPoint","urlTemplate":"https:\/\/pkovidros.com.br\/?s={search_term_string}"},"query-input":{"@type":"PropertyValueSpecification","valueRequired":true,"valueName":"search_term_string"}}],"inLanguage":"es"},{"@type":"Organization","@id":"https:\/\/pkovidros.com.br\/#organization","name":"Vidrio PKO","url":"https:\/\/pkovidros.com.br\/","logo":{"@type":"ImageObject","inLanguage":"es","@id":"https:\/\/pkovidros.com.br\/#\/schema\/logo\/image\/","url":"https:\/\/pkovidros.com.br\/wp-content\/uploads\/2024\/11\/logo_menu.png","contentUrl":"https:\/\/pkovidros.com.br\/wp-content\/uploads\/2024\/11\/logo_menu.png","width":150,"height":24,"caption":"PKO Vidros"},"image":{"@id":"https:\/\/pkovidros.com.br\/#\/schema\/logo\/image\/"}}]}},"_links":{"self":[{"href":"https:\/\/pkovidros.com.br\/es\/wp-json\/wp\/v2\/pages\/116840","targetHints":{"allow":["GET"]}}],"collection":[{"href":"https:\/\/pkovidros.com.br\/es\/wp-json\/wp\/v2\/pages"}],"about":[{"href":"https:\/\/pkovidros.com.br\/es\/wp-json\/wp\/v2\/types\/page"}],"author":[{"embeddable":true,"href":"https:\/\/pkovidros.com.br\/es\/wp-json\/wp\/v2\/users\/975910"}],"replies":[{"embeddable":true,"href":"https:\/\/pkovidros.com.br\/es\/wp-json\/wp\/v2\/comments?post=116840"}],"version-history":[{"count":6,"href":"https:\/\/pkovidros.com.br\/es\/wp-json\/wp\/v2\/pages\/116840\/revisions"}],"predecessor-version":[{"id":186152,"href":"https:\/\/pkovidros.com.br\/es\/wp-json\/wp\/v2\/pages\/116840\/revisions\/186152"}],"wp:attachment":[{"href":"https:\/\/pkovidros.com.br\/es\/wp-json\/wp\/v2\/media?parent=116840"}],"curies":[{"name":"wp","href":"https:\/\/api.w.org\/{rel}","templated":true}]}}