{"id":116834,"date":"2023-11-27T16:35:24","date_gmt":"2023-11-27T19:35:24","guid":{"rendered":"https:\/\/pkodobrasil.com.brprovi\/?page_id=116834"},"modified":"2026-02-24T15:06:04","modified_gmt":"2026-02-24T18:06:04","slug":"politica-de-privacidade","status":"publish","type":"page","link":"https:\/\/pkovidros.com.br\/es\/politica-de-privacidade\/","title":{"rendered":"Pol\u00edtica de privacidad"},"content":{"rendered":"<h1 class=\"wp-block-heading\">POL\u00cdTICA DE PRIVACIDAD<\/h1>\n\n\n\n<p><strong>Vidrio PKO&nbsp;<\/strong>con sede en la ciudad de Mogi das Cruzes en el estado de SP en la Avenida Ant\u00f4nio de Almeida No. 1111&nbsp;<strong>dispon\u00edvel no link&nbsp;https:\/\/pkovidros.com.br, para voc\u00ea (doravante \u201cVoc\u00ea\u201d ou \u201cUsu\u00e1rio\u201d).<\/strong><\/p>\n\n\n\n<p>Para utilizar PKO, el Usuario deber\u00e1 leer atenta y completamente esta Pol\u00edtica de Privacidad y, si est\u00e1 de acuerdo con su contenido, deber\u00e1 expresarse en este sentido, demostrando su consentimiento libre, expreso e informado, seleccionando la opci\u00f3n correspondiente a \u201cAcepto las Pol\u00edtica de privacidad\u201d al registrarse en PKO.<\/p>\n\n\n\n<p>Esta Pol\u00edtica puede ser accedida por el Usuario en cualquier momento a trav\u00e9s del enlace&nbsp;<\/p>\n\n\n\n<p><a href=\"https:\/\/pkovidros.com.br\/es\/politica-de-privacidade\/\">https:\/\/pkovidros.com.br\/politica-de-privacidade<\/a>, y este \u00faltimo debe verificar su contenido peri\u00f3dicamente, en funci\u00f3n de la fecha de actualizaci\u00f3n al final del documento, ya que el Proveedor puede modificar su contenido sin previo aviso, salvo disposici\u00f3n en contrario de la legislaci\u00f3n brasile\u00f1a.<\/p>\n\n\n\n<p>Adem\u00e1s, al aceptar esta Pol\u00edtica, el Usuario declara ser consciente de que:<\/p>\n\n\n\n<p>\u2013 el uso de PKO tambi\u00e9n se rige por las disposiciones de los T\u00e9rminos de uso disponibles en&nbsp;<a href=\"https:\/\/pkovidros.com.br\/es\/termos-de-uso\/\">https:\/\/pkovidros.com.br\/termos-de-uso<\/a>;<\/p>\n\n\n\n<p>\u2013 cualquier dato\/informaci\u00f3n contenida en sitios web en cualquier red no elimina la necesidad de una persona t\u00e9cnica. La informaci\u00f3n se publica simplemente con fines informativos y no para designar productos, proyectos, obras y similares espec\u00edficos.<\/p>\n\n\n\n<p>Em caso de qualquer d\u00favida com rela\u00e7\u00e3o ao conte\u00fado dessa Pol\u00edtica, entre em contato com a Provedora, pelo e-mail\u00a0lgpd@pkovidros.com.br<\/p>\n\n\n\n<h2 class=\"wp-block-heading\"><strong>C\u00d3MO RECOPILAMOS SU INFORMACI\u00d3N:<\/strong><\/h2>\n\n\n\n<p>1. Cuando nos lo proporcionas o nos das permiso para obtenerlo.<\/p>\n\n\n\n<p>Cuando utiliza PKO, comparte voluntariamente cierta informaci\u00f3n, incluido su nombre, direcci\u00f3n de correo electr\u00f3nico, n\u00famero de tel\u00e9fono, fotograf\u00edas, Pines, comentarios y cualquier otra informaci\u00f3n que nos brinde. Tambi\u00e9n puede compartir la configuraci\u00f3n de su dispositivo o informaci\u00f3n sobre usted.&nbsp;<\/p>\n\n\n\n<p>Adem\u00e1s, podemos utilizar su direcci\u00f3n IP para definir su ubicaci\u00f3n aproximada, incluso si decide no compartirla.&nbsp;<\/p>\n\n\n\n<p>Si conecta sus cuentas de Facebook, Google (se abre en una nueva ventana) u otras cuentas de terceros a PKO, usaremos informaci\u00f3n de esas cuentas (como sus amigos o contactos) para mejorar su experiencia con PKO. Esto depende de las pol\u00edticas de privacidad o configuraci\u00f3n de estas cuentas y no reemplaza los t\u00e9rminos de uso o pol\u00edticas de privacidad de ning\u00fan tercero como Instagram, Facebook, Youtube, Linkedin, WhatsApp o similares.<\/p>\n\n\n\n<p>2. Tambi\u00e9n obtenemos informaci\u00f3n t\u00e9cnica cuando utiliza PKO.<\/p>\n\n\n\n<p>Cuando utiliza un sitio web, una aplicaci\u00f3n m\u00f3vil u otro servicio de Internet, cierta informaci\u00f3n sobre la actividad de la red electr\u00f3nica y de Internet se crea y registra autom\u00e1ticamente. Lo mismo sucede cuando usas PKO. Vea algunos tipos de informaci\u00f3n que recopilamos:<\/p>\n\n\n\n<ul class=\"wp-block-list\">\n<li>Datos de registro. Cuando utiliza PKO, nuestros servidores registran informaci\u00f3n (\u201cdatos de registro\u201d), incluido lo que su navegador env\u00eda autom\u00e1ticamente cada vez que visita un sitio web o lo que su aplicaci\u00f3n m\u00f3vil env\u00eda autom\u00e1ticamente cuando la usa. Estos datos de registro incluyen su direcci\u00f3n IP (que utilizamos para inferir su ubicaci\u00f3n aproximada), la direcci\u00f3n y la actividad en los sitios web que visita que incorporan funciones de PKO (como el bot\u00f3n &quot;Guardar&quot;; consulte los detalles a continuaci\u00f3n), b\u00fasquedas, tipo de navegador y configuraci\u00f3n. , la fecha y hora de su solicitud, c\u00f3mo utiliz\u00f3 PKO, datos de cookies y datos del dispositivo. Puede obtener m\u00e1s informaci\u00f3n sobre los datos de registro que recopilamos aqu\u00ed.<\/li>\n\n\n\n<li>Datos de cookies. Tambi\u00e9n utilizamos \u201ccookies\u201d (peque\u00f1os archivos de texto enviados por su computadora cada vez que visita nuestro sitio web, exclusivos de su cuenta PKO o su navegador) o tecnolog\u00edas similares para recopilar datos de registro. Cuando utilizamos cookies u otras tecnolog\u00edas similares, utilizamos cookies de sesi\u00f3n (que duran hasta que cierra su navegador) o cookies persistentes (que duran hasta que usted o su navegador las eliminan). Por ejemplo, utilizamos cookies para almacenar sus preferencias de idioma u otras configuraciones para que no tenga que configurarlas cada vez que acceda a PKO. Algunas de las cookies que utilizamos est\u00e1n asociadas con su cuenta de PKO (incluida informaci\u00f3n sobre usted, como la direcci\u00f3n de correo electr\u00f3nico que proporcion\u00f3) y otras no. Para obtener informaci\u00f3n m\u00e1s detallada sobre c\u00f3mo utilizamos las cookies, lea nuestra Pol\u00edtica de Cookies (se abre en una ventana nueva).<\/li>\n\n\n\n<li>Informaci\u00f3n del dispositivo. Adem\u00e1s de los datos de registro, recopilamos informaci\u00f3n sobre el dispositivo en el que utiliza PKO, incluido el tipo de dispositivo, el sistema operativo, la configuraci\u00f3n, los identificadores \u00fanicos del dispositivo y los datos de fallos que nos ayudan a comprender cu\u00e1ndo algo no funciona.<\/li>\n\n\n\n<li>Datos e inferencias del flujo de clics. Cuando est\u00e1s en PKO, utilizamos tu actividad (como los Pines en los que haces clic, los tableros que creas y cualquier texto que agregas en un comentario o descripci\u00f3n) junto con la informaci\u00f3n que proporcionaste cuando te registraste y la informaci\u00f3n de nuestros socios y anunciantes para hacer inferencias sobre usted y sus preferencias. Por ejemplo, si crea una carpeta sobre viajes, podemos inferir que le encanta viajar. Tambi\u00e9n podemos inferir informaci\u00f3n sobre su educaci\u00f3n o experiencia laboral en funci\u00f3n de su actividad cuando vincula su cuenta a cuentas que tiene con terceros, como Facebook o Google.<\/li>\n<\/ul>\n\n\n\n<p>3. Nuestros socios y anunciantes comparten informaci\u00f3n con nosotros.<\/p>\n\n\n\n<p>Tambi\u00e9n podemos obtener informaci\u00f3n sobre usted y su actividad fuera de PKO de nuestros afiliados, anunciantes, socios y otros terceros con quienes trabajamos. Por ejemplo:<\/p>\n\n\n\n<ul class=\"wp-block-list\">\n<li>Algunos sitios web o aplicaciones utilizan funciones de PKO, como nuestro bot\u00f3n &quot;Guardar&quot;, o puede instalar nuestro bot\u00f3n &quot;Guardar&quot; en su navegador. En este caso, recopilamos informaci\u00f3n de registro de estos sitios web o aplicaciones. Puede obtener m\u00e1s informaci\u00f3n sobre estas funciones en el Centro de ayuda.<\/li>\n\n\n\n<li>Los anunciantes en l\u00ednea o terceros comparten informaci\u00f3n con nosotros para medir, informar o mejorar el rendimiento de los anuncios en PKO, o para averiguar qu\u00e9 tipos de anuncios mostrarle dentro o fuera de PKO. Esto incluye informaci\u00f3n sobre sus visitas al sitio web de un anunciante o las compras que realiza en \u00e9l, o informaci\u00f3n sobre sus intereses de un servicio de terceros, que podemos utilizar para ayudar a mostrarle anuncios. Obtenga m\u00e1s informaci\u00f3n sobre los tipos de informaci\u00f3n que los anunciantes u otros terceros comparten con nosotros.<\/li>\n<\/ul>\n\n\n\n<h2 class=\"wp-block-heading\"><strong>QU\u00c9 HACEMOS CON LA INFORMACI\u00d3N QUE RECOPILAMOS:<\/strong><\/h2>\n\n\n\n<p>Cuando identificamos sus intereses en funci\u00f3n de su comportamiento fuera de nuestro sitio web utilizando cookies, nosotros o nuestros socios obtendremos todos los consentimientos necesarios.&nbsp;<\/p>\n\n\n\n<p>Aparte de las circunstancias espec\u00edficas anteriores, solo usaremos su informaci\u00f3n con su consentimiento para:<\/p>\n\n\n\n<ul class=\"wp-block-list\">\n<li>Permitir b\u00fasqueda con fotos. Por ejemplo, si tomas una foto de un par de zapatos o de un mueble que te gusta, puedes pedirnos que te ense\u00f1emos art\u00edculos similares. Puedes optar por esto en la configuraci\u00f3n del sistema operativo de tu dispositivo;<\/li>\n\n\n\n<li>Enviarle materiales de marketing por correo electr\u00f3nico, SMS, WhatsApp, notificaci\u00f3n autom\u00e1tica o llamada telef\u00f3nica, seg\u00fan la configuraci\u00f3n de su cuenta o el sistema operativo. Cada vez que le enviemos materiales de marketing, le daremos la opci\u00f3n de darse de baja;<\/li>\n\n\n\n<li>Identifica tu ubicaci\u00f3n exacta y personaliza el contenido que te mostramos. Por ejemplo, si sabemos que est\u00e1 cerca de una tienda minorista, podemos mostr\u00e1rselo;<\/li>\n\n\n\n<li>Informar a nuestros socios publicitarios sobre el rendimiento de sus anuncios;<\/li>\n\n\n\n<li>Tambi\u00e9n confiamos en su consentimiento cuando utilizamos cookies para mostrar anuncios que puedan interesarle. Utilizamos cookies para identificar sus intereses en funci\u00f3n de su actividad fuera de nuestro sitio web. Hacemos esto para los usuarios existentes de PKO y para los nuevos usuarios, y nos ayuda a personalizar c\u00f3mo comenzar con PKO.<\/li>\n<\/ul>\n\n\n\n<p>Servicios de informaci\u00f3n solicitados por el Usuario: Ciertos productos o servicios encontrados en PKO pueden utilizar informaci\u00f3n personal del Usuario, lo cual podr\u00e1 realizarse de las siguientes maneras:<\/p>\n\n\n\n<ul class=\"wp-block-list\">\n<li>La informaci\u00f3n que env\u00eda el Usuario se utiliza para proporcionar la informaci\u00f3n, productos o servicios solicitados. Se puede compartir con terceros para completar el pedido o para facilitar el uso de los servicios;<\/li>\n\n\n\n<li>El Proveedor podr\u00e1 utilizar servicios de terceros para realizar funciones de soporte para las diversas herramientas, funcionalidades, productos y servicios ofrecidos por PKO. Estos proveedores de servicios no estar\u00e1n autorizados a utilizar la informaci\u00f3n recopilada para ning\u00fan otro prop\u00f3sito que no sea el de realizar funciones de soporte para PKO;<\/li>\n\n\n\n<li>Para los productos y servicios ofrecidos al Usuario, en asociaci\u00f3n entre el Proveedor y terceros, la Informaci\u00f3n Personal puede ser compartida o recopilada de forma independiente por ellos. En estas situaciones, el Proveedor utilizar\u00e1 Informaci\u00f3n personal \u00fanicamente como se define en esta Pol\u00edtica de privacidad. En este caso, dichos terceros podr\u00e1n procesar dichos datos de forma independiente, sin interferencia alguna por parte del Prestador, pero sujeto a las condiciones establecidas en este documento.<\/li>\n<\/ul>\n\n\n\n<p>Informaci\u00f3n recopilada autom\u00e1ticamente: la informaci\u00f3n que se recopila autom\u00e1ticamente, incluida la que se obtiene mediante el uso de cookies, puede compartirse de forma an\u00f3nima con anunciantes y terceros. Cuando estos datos se agregan y transmiten, se elimina toda la informaci\u00f3n personal, si la hubiera.<\/p>\n\n\n\n<p>Adem\u00e1s, el Prestador podr\u00e1 compartir la informaci\u00f3n recabada con terceros, en los siguientes casos:<\/p>\n\n\n\n<p>El. Para proteger sus intereses en cualquier tipo de conflicto, incluidas acciones legales;<\/p>\n\n\n\n<p>B. Trat\u00e1ndose de transacciones y cambios societarios que involucren al Prestador, en cuyo caso la transferencia de informaci\u00f3n ser\u00e1 necesaria para la continuidad de los servicios; o<\/p>\n\n\n\n<p>w. Por orden judicial o a solicitud de autoridades administrativas que tengan competencia legal para solicitarlo.<\/p>\n\n\n\n<h2 class=\"wp-block-heading\"><strong>ACCESO A LA INFORMACI\u00d3N:<\/strong><\/h2>\n\n\n\n<p>O Usu\u00e1rio poder\u00e1 requerer a retifica\u00e7\u00e3o, a exclus\u00e3o ou altera\u00e7\u00e3o da forma de tratamento dos dados coletados a seu respeito, bem como o exerc\u00edcio de seu direito \u00e0 portabilidade e retirada do consentimento manifestado nesta oportunidade, pelo e-mail\u00a0lgpd@pkovidros.com.br, hip\u00f3tese na qual a Provedora empreender\u00e1 todos os esfor\u00e7os para atender aos pedidos no menor espa\u00e7o de tempo poss\u00edvel, respeitados os prazos de guarda previstos na legisla\u00e7\u00e3o aplic\u00e1vel. Assim, a exclus\u00e3o dos dados acarretar\u00e1 no fim da a utiliza\u00e7\u00e3o dos servi\u00e7os do Site.<\/p>\n\n\n\n<h2 class=\"wp-block-heading\"><strong>C\u00d3MO ALMACENAMOS LA INFORMACI\u00d3N RECOPILADA:<\/strong><\/h2>\n\n\n\n<p>Para el almacenamiento de la informaci\u00f3n recopilada, el Usuario declara estar consciente de que el Proveedor adopta las siguientes precauciones en el almacenamiento y procesamiento de la informaci\u00f3n del Usuario: (a) utilizamos m\u00e9todos est\u00e1ndar y del mercado para anonimizar los datos recopilados; (b) tenemos software para proteger contra el acceso no autorizado a nuestros sistemas; (c) solo autorizamos a personas previamente establecidas a acceder a las ubicaciones donde almacenamos la informaci\u00f3n; (d) utilizamos sistemas criptogr\u00e1ficos SSL (\u201cSecure Sockets Layer\u201d) para informaci\u00f3n de naturaleza financiera, la principal tecnolog\u00eda actualmente disponible para seguridad en l\u00ednea y claves de seguridad electr\u00f3nicas; y quienes entren en contacto con la informaci\u00f3n deber\u00e1n comprometerse a mantener absoluta confidencialidad. La violaci\u00f3n de la confidencialidad dar\u00e1 lugar a responsabilidad civil y el responsable ser\u00e1 procesado de conformidad con la legislaci\u00f3n brasile\u00f1a.<\/p>\n\n\n\n<p>Sin embargo, tales precauciones no garantizan completamente que terceros malintencionados no accedan a toda la informaci\u00f3n que pasa a trav\u00e9s de PKO, a trav\u00e9s de m\u00e9todos desarrollados para obtener informaci\u00f3n de manera inadecuada. En consecuencia, el Prestador no es responsable del acceso il\u00edcito, as\u00ed como de los actos de terceros que logren recopilar o utilizar, por cualquier medio, los datos de registro y la informaci\u00f3n puesta a disposici\u00f3n en el Sitio Web por el Usuario.<\/p>\n\n\n\n<p>El Usuario reconoce adem\u00e1s que la informaci\u00f3n no necesariamente ser\u00e1 almacenada en servidores ubicados en Brasil, pudiendo ser enviada a cualquier pa\u00eds donde Privacidad tenga servidores, o incluso almacenada en una nube de terceros.<\/p>\n\n\n\n<h2 class=\"wp-block-heading\"><strong>CU\u00c1NTO TIEMPO CONSERVAMOS SU INFORMACI\u00d3N:<\/strong><\/h2>\n\n\n\n<p>Solo conservamos su informaci\u00f3n durante el tiempo que la necesitemos para brindarle PKO y cumplir con los prop\u00f3sitos descritos en esta pol\u00edtica. Este tambi\u00e9n es el caso de cualquier persona con quien compartamos su informaci\u00f3n y que preste servicios en nuestro nombre. Cuando ya no necesitemos usar su informaci\u00f3n y no sea necesario que la conservemos para cumplir con nuestras obligaciones legales o reglamentarias, la eliminaremos de nuestros sistemas o la despersonalizaremos para que no podamos identificarlo.<\/p>\n\n\n\n<h2 class=\"wp-block-heading\"><strong>DISPOSICIONES GENERALES:<\/strong><\/h2>\n\n\n\n<p>La prohibici\u00f3n, nulidad o inexigibilidad de cualquier disposici\u00f3n de este instrumento no invalidar\u00e1 ni afectar\u00e1 al mismo en su conjunto, y todas las dem\u00e1s disposiciones de este instrumento que no hayan sido afectadas por la prohibici\u00f3n, invalidez o inexigibilidad de la cl\u00e1usula inoperante deber\u00e1n permanecer en vigor. .<\/p>\n\n\n\n<p>Esta Pol\u00edtica se regir\u00e1, interpretar\u00e1 y aplicar\u00e1 de acuerdo con las leyes de la Rep\u00fablica Federativa de Brasil, independientemente de los conflictos de estas leyes con las leyes de otros estados o pa\u00edses. El tribunal del domicilio del Usuario ser\u00e1 competente para resolver cualquier controversia que surja del presente instrumento, con independencia de cualquier otro, por privilegiado que sea o pueda ser.<\/p>\n\n\n\n<p>Si el Usuario tiene alguna pregunta sobre su Informaci\u00f3n Personal o esta Pol\u00edtica, as\u00ed como cualquier queja, deber\u00e1 contactarnos v\u00eda correo electr\u00f3nico.\u00a0<a href=\"mailto:lgpd@pkovidros.com.br\">lgpd@pkovidros.com.br<\/a><\/p>\n\n\n\n<p>Todos los correos electr\u00f3nicos de marketing, boletines informativos y otras comunicaciones de PKO se realizar\u00e1n a trav\u00e9s del avatar de la empresa, tambi\u00e9n conocido como Isa Sabbia, quien no es una persona f\u00edsica, sino un individuo creado con el prop\u00f3sito de responder correos electr\u00f3nicos.<\/p>\n\n\n\n<p><\/p>","protected":false},"excerpt":{"rendered":"<p>POL\u00cdTICA DE PRIVACIDADE PKO Vidros&nbsp;com sede na cidade de Mogi das Cruzes no estado de SP na Avenida Ant\u00f4nio de Almeida No. 1111&nbsp;dispon\u00edvel no link&nbsp;https:\/\/pkovidros.com.br, [&hellip;]<\/p>","protected":false},"author":975910,"featured_media":0,"parent":0,"menu_order":0,"comment_status":"closed","ping_status":"closed","template":"page-privacidade.php","meta":{"_acf_changed":false,"inline_featured_image":false,"footnotes":""},"class_list":["post-116834","page","type-page","status-publish","hentry"],"acf":[],"yoast_head":"<!-- This site is optimized with the Yoast SEO plugin v26.4 - https:\/\/yoast.com\/wordpress\/plugins\/seo\/ -->\n<title>Pol\u00edtica de Privacidade - PKO Vidros<\/title>\n<meta name=\"robots\" content=\"index, follow, max-snippet:-1, max-image-preview:large, max-video-preview:-1\" \/>\n<link rel=\"canonical\" href=\"https:\/\/pkovidros.com.br\/es\/politica-de-privacidade\/\" \/>\n<meta property=\"og:locale\" content=\"es_MX\" \/>\n<meta property=\"og:type\" content=\"article\" \/>\n<meta property=\"og:title\" content=\"Pol\u00edtica de Privacidade - PKO Vidros\" \/>\n<meta property=\"og:description\" content=\"POL\u00cdTICA DE PRIVACIDADE PKO Vidros&nbsp;com sede na cidade de Mogi das Cruzes no estado de SP na Avenida Ant\u00f4nio de Almeida No. 1111&nbsp;dispon\u00edvel no link&nbsp;https:\/\/pkovidros.com.br, [&hellip;]\" \/>\n<meta property=\"og:url\" content=\"https:\/\/pkovidros.com.br\/es\/politica-de-privacidade\/\" \/>\n<meta property=\"og:site_name\" content=\"PKO Vidros\" \/>\n<meta property=\"article:modified_time\" content=\"2026-02-24T18:06:04+00:00\" \/>\n<meta name=\"twitter:card\" content=\"summary_large_image\" \/>\n<meta name=\"twitter:label1\" content=\"Tiempo de lectura\" \/>\n\t<meta name=\"twitter:data1\" content=\"12 minutos\" \/>\n<script type=\"application\/ld+json\" class=\"yoast-schema-graph\">{\"@context\":\"https:\/\/schema.org\",\"@graph\":[{\"@type\":\"WebPage\",\"@id\":\"https:\/\/pkovidros.com.br\/politica-de-privacidade\/\",\"url\":\"https:\/\/pkovidros.com.br\/politica-de-privacidade\/\",\"name\":\"Pol\u00edtica de Privacidade - PKO Vidros\",\"isPartOf\":{\"@id\":\"https:\/\/pkovidros.com.br\/#website\"},\"datePublished\":\"2023-11-27T19:35:24+00:00\",\"dateModified\":\"2026-02-24T18:06:04+00:00\",\"breadcrumb\":{\"@id\":\"https:\/\/pkovidros.com.br\/politica-de-privacidade\/#breadcrumb\"},\"inLanguage\":\"es\",\"potentialAction\":[{\"@type\":\"ReadAction\",\"target\":[\"https:\/\/pkovidros.com.br\/politica-de-privacidade\/\"]}]},{\"@type\":\"BreadcrumbList\",\"@id\":\"https:\/\/pkovidros.com.br\/politica-de-privacidade\/#breadcrumb\",\"itemListElement\":[{\"@type\":\"ListItem\",\"position\":1,\"name\":\"In\u00edcio\",\"item\":\"https:\/\/pkovidros.com.br\/\"},{\"@type\":\"ListItem\",\"position\":2,\"name\":\"Pol\u00edtica de Privacidade\"}]},{\"@type\":\"WebSite\",\"@id\":\"https:\/\/pkovidros.com.br\/#website\",\"url\":\"https:\/\/pkovidros.com.br\/\",\"name\":\"PKO Vidros\",\"description\":\"Beneficiadora de Vidros\",\"publisher\":{\"@id\":\"https:\/\/pkovidros.com.br\/#organization\"},\"potentialAction\":[{\"@type\":\"SearchAction\",\"target\":{\"@type\":\"EntryPoint\",\"urlTemplate\":\"https:\/\/pkovidros.com.br\/?s={search_term_string}\"},\"query-input\":{\"@type\":\"PropertyValueSpecification\",\"valueRequired\":true,\"valueName\":\"search_term_string\"}}],\"inLanguage\":\"es\"},{\"@type\":\"Organization\",\"@id\":\"https:\/\/pkovidros.com.br\/#organization\",\"name\":\"PKO Vidros\",\"url\":\"https:\/\/pkovidros.com.br\/\",\"logo\":{\"@type\":\"ImageObject\",\"inLanguage\":\"es\",\"@id\":\"https:\/\/pkovidros.com.br\/#\/schema\/logo\/image\/\",\"url\":\"https:\/\/pkovidros.com.br\/wp-content\/uploads\/2024\/11\/logo_menu.png\",\"contentUrl\":\"https:\/\/pkovidros.com.br\/wp-content\/uploads\/2024\/11\/logo_menu.png\",\"width\":150,\"height\":24,\"caption\":\"PKO Vidros\"},\"image\":{\"@id\":\"https:\/\/pkovidros.com.br\/#\/schema\/logo\/image\/\"}}]}<\/script>\n<!-- \/ Yoast SEO plugin. -->","yoast_head_json":{"title":"Pol\u00edtica de Privacidade - PKO Vidros","robots":{"index":"index","follow":"follow","max-snippet":"max-snippet:-1","max-image-preview":"max-image-preview:large","max-video-preview":"max-video-preview:-1"},"canonical":"https:\/\/pkovidros.com.br\/es\/politica-de-privacidade\/","og_locale":"es_MX","og_type":"article","og_title":"Pol\u00edtica de Privacidade - PKO Vidros","og_description":"POL\u00cdTICA DE PRIVACIDADE PKO Vidros&nbsp;com sede na cidade de Mogi das Cruzes no estado de SP na Avenida Ant\u00f4nio de Almeida No. 1111&nbsp;dispon\u00edvel no link&nbsp;https:\/\/pkovidros.com.br, [&hellip;]","og_url":"https:\/\/pkovidros.com.br\/es\/politica-de-privacidade\/","og_site_name":"PKO Vidros","article_modified_time":"2026-02-24T18:06:04+00:00","twitter_card":"summary_large_image","twitter_misc":{"Tiempo de lectura":"12 minutos"},"schema":{"@context":"https:\/\/schema.org","@graph":[{"@type":"WebPage","@id":"https:\/\/pkovidros.com.br\/politica-de-privacidade\/","url":"https:\/\/pkovidros.com.br\/politica-de-privacidade\/","name":"Pol\u00edtica de Privacidade - PKO Vidros","isPartOf":{"@id":"https:\/\/pkovidros.com.br\/#website"},"datePublished":"2023-11-27T19:35:24+00:00","dateModified":"2026-02-24T18:06:04+00:00","breadcrumb":{"@id":"https:\/\/pkovidros.com.br\/politica-de-privacidade\/#breadcrumb"},"inLanguage":"es","potentialAction":[{"@type":"ReadAction","target":["https:\/\/pkovidros.com.br\/politica-de-privacidade\/"]}]},{"@type":"BreadcrumbList","@id":"https:\/\/pkovidros.com.br\/politica-de-privacidade\/#breadcrumb","itemListElement":[{"@type":"ListItem","position":1,"name":"In\u00edcio","item":"https:\/\/pkovidros.com.br\/"},{"@type":"ListItem","position":2,"name":"Pol\u00edtica de Privacidade"}]},{"@type":"WebSite","@id":"https:\/\/pkovidros.com.br\/#website","url":"https:\/\/pkovidros.com.br\/","name":"Vidrio PKO","description":"Beneficiadora de Vidros","publisher":{"@id":"https:\/\/pkovidros.com.br\/#organization"},"potentialAction":[{"@type":"SearchAction","target":{"@type":"EntryPoint","urlTemplate":"https:\/\/pkovidros.com.br\/?s={search_term_string}"},"query-input":{"@type":"PropertyValueSpecification","valueRequired":true,"valueName":"search_term_string"}}],"inLanguage":"es"},{"@type":"Organization","@id":"https:\/\/pkovidros.com.br\/#organization","name":"Vidrio PKO","url":"https:\/\/pkovidros.com.br\/","logo":{"@type":"ImageObject","inLanguage":"es","@id":"https:\/\/pkovidros.com.br\/#\/schema\/logo\/image\/","url":"https:\/\/pkovidros.com.br\/wp-content\/uploads\/2024\/11\/logo_menu.png","contentUrl":"https:\/\/pkovidros.com.br\/wp-content\/uploads\/2024\/11\/logo_menu.png","width":150,"height":24,"caption":"PKO Vidros"},"image":{"@id":"https:\/\/pkovidros.com.br\/#\/schema\/logo\/image\/"}}]}},"_links":{"self":[{"href":"https:\/\/pkovidros.com.br\/es\/wp-json\/wp\/v2\/pages\/116834","targetHints":{"allow":["GET"]}}],"collection":[{"href":"https:\/\/pkovidros.com.br\/es\/wp-json\/wp\/v2\/pages"}],"about":[{"href":"https:\/\/pkovidros.com.br\/es\/wp-json\/wp\/v2\/types\/page"}],"author":[{"embeddable":true,"href":"https:\/\/pkovidros.com.br\/es\/wp-json\/wp\/v2\/users\/975910"}],"replies":[{"embeddable":true,"href":"https:\/\/pkovidros.com.br\/es\/wp-json\/wp\/v2\/comments?post=116834"}],"version-history":[{"count":9,"href":"https:\/\/pkovidros.com.br\/es\/wp-json\/wp\/v2\/pages\/116834\/revisions"}],"predecessor-version":[{"id":186100,"href":"https:\/\/pkovidros.com.br\/es\/wp-json\/wp\/v2\/pages\/116834\/revisions\/186100"}],"wp:attachment":[{"href":"https:\/\/pkovidros.com.br\/es\/wp-json\/wp\/v2\/media?parent=116834"}],"curies":[{"name":"wp","href":"https:\/\/api.w.org\/{rel}","templated":true}]}}