{"id":116842,"date":"2023-11-29T09:37:41","date_gmt":"2023-11-29T12:37:41","guid":{"rendered":"https:\/\/pkodobrasil.com.brprovi\/?page_id=116842"},"modified":"2026-02-24T15:04:07","modified_gmt":"2026-02-24T18:04:07","slug":"politica-de-cookies","status":"publish","type":"page","link":"https:\/\/pkovidros.com.br\/en\/politica-de-cookies\/","title":{"rendered":"Cookies Policy"},"content":{"rendered":"<h1 class=\"wp-block-heading\">COOKIE POLICY<\/h1>\n\n\n\n<h2 class=\"wp-block-heading\">1. INTRODUCTION<\/h2>\n\n\n\n<p>A presente Pol\u00edtica aplica-se ao site\u00a0https:\/\/pkovidros.com.br e seus subdom\u00ednios (\u201csite\u201d), de propriedade da\u00a0<strong>PKO Glass\u00a0<\/strong>headquartered in the city of Mogi das Cruzes in the state of SP at Avenida Ant\u00f4nio de Almeida No. 1111\u00a0<\/p>\n\n\n\n<p>Aiming to provide an even more transparent experience in our&nbsp;<em>site<\/em>, explaining the concept of&nbsp;<em>Cookies<\/em>, how we use them to improve your navigation and, also, the possibilities for customizing their use.<\/p>\n\n\n\n<p>If you do not agree with the use of&nbsp;<em>Cookies<\/em>&nbsp;as presented, you may: (i) adjust your internet browser settings to not allow the use of&nbsp;<em>Cookies<\/em>&nbsp;or (ii) not access the&nbsp;<em>site<\/em>.<\/p>\n\n\n\n<p>Remember that disabling the use of&nbsp;<em>Cookies<\/em>&nbsp;may impact your experience when browsing the website.<\/p>\n\n\n\n<p>Para quaisquer quest\u00f5es ou d\u00favidas sobre esta Pol\u00edtica, voc\u00ea poder\u00e1 entrar em contato atrav\u00e9s do e-mail\u00a0lgpd@pkovidros.com.br.<\/p>\n\n\n\n<p>We also recommend that you read our\u00a0<strong><a href=\"https:\/\/pkovidros.com.br\/en\/politica-de-privacidade\/\">Privacy Policy<\/a><\/strong>, in which we provide more information about our commitment to your privacy and the protection of your personal data.<\/p>\n\n\n\n<h2 class=\"wp-block-heading\">2. WHAT ARE COOKIES?<\/h2>\n\n\n\n<p>Cookies are small digital files in text format that are stored on your device (computer, smartphone, tablet, etc.) by your internet browser and that store information related to your preferences, such as: language, location, recurrence of your sessions and other variables that developers consider relevant to make their experience much more efficient.<\/p>\n\n\n\n<h2 class=\"wp-block-heading\">3. WHAT ARE COOKIES FOR?<\/h2>\n\n\n\n<p>Cookies serve to improve your experience, both in terms of performance and usability, as the content made available will be targeted to your needs and expectations.<\/p>\n\n\n\n<p>They may also be used to compile anonymous and aggregated statistics that allow us to understand how you use the website, as well as to improve its structures and content.&nbsp;<strong>As these are anonymous statistics, it is not possible to identify you personally through this data.<\/strong>.<\/p>\n\n\n\n<p>The use of Cookies is very common on any digital platform today. Their use does not in any way harm the devices on which they are stored.<\/p>\n\n\n\n<h2 class=\"wp-block-heading\">4. WHAT TYPE OF COOKIES DO WE USE<\/h2>\n\n\n\n<p>We use our own and third-party Cookies on the website, which can be classified according to their duration:<\/p>\n\n\n\n<ul class=\"wp-block-list\">\n<li><strong>Session Cookies<\/strong>&nbsp;\u2013 these are temporary Cookies that remain archived until you leave the website or close your browser.<\/li>\n\n\n\n<li><strong>Persistent Cookies<\/strong>&nbsp;\u2013 these are Cookies that are stored on your device until they are deleted (the time that the Cookie will remain on the device depends on its \u201clifetime\u201d and the settings of your internet browser).<\/li>\n\n\n\n<li><strong>Cookies<\/strong>&nbsp;\u2013 Session or Persistent \u2013 can still be categorized according to their function:<\/li>\n\n\n\n<li><strong>Strictly Necessary Cookies<\/strong>&nbsp;\u2013 allow navigation and use of applications, as well as access to secure areas of the website. Without these Cookies, the website will not function properly.<\/li>\n\n\n\n<li><strong>Statistics Cookies<\/strong>&nbsp;\u2013 collect anonymous statistical data for the purpose of analyzing the use of the website and its performance.<\/li>\n\n\n\n<li><strong>Advertising Cookies<\/strong>&nbsp;\u2013 collect information about your visit to our website so that the advertisements displayed there are more relevant to you and in accordance with your interests. They are generally linked to Cookies owned by third parties. If you disable these Cookies, please note that you will still see advertisements, but they will be personalized to your preferences.<\/li>\n<\/ul>\n\n\n\n<h2 class=\"wp-block-heading\">5. IS IT POSSIBLE TO CONTROL OR DELETE COOKIES?<\/h2>\n\n\n\n<p>For our website to operate correctly, you must enable the use of Cookies. If you decide not to enable them, you will still be able to browse the site, but some features will not be available.<\/p>\n\n\n\n<p>Remembering that most internet browsers are configured to automatically accept Cookies.<\/p>\n\n\n\n<p>You can change your settings to block the use of Cookies or alert you when a Cookie is being sent to your device. There are several ways to manage Cookies. Consult your browser&#039;s instructions or help section to learn more about adjusting or changing these settings.<\/p>\n\n\n\n<p>If you use different devices to access the website, you must ensure that each browser, on each device, is adjusted to meet your preferences regarding Cookies.<\/p>\n\n\n\n<p>So that you can, in a simple and intuitive way, manage your preferences from your browser, you can use one of the links below:<\/p>\n\n\n\n<ul class=\"wp-block-list\">\n<li>For more information about managing Cookies in Firefox,&nbsp;<a href=\"https:\/\/support.mozilla.org\/en-US\/kb\/enable-and-disable-cookies-website-preferences\" target=\"_blank\" rel=\"noreferrer noopener\">Click here<\/a>;<\/li>\n\n\n\n<li>For more information about managing Cookies in Chrome,&nbsp;<a href=\"https:\/\/support.google.com\/chrome\/answer\/95647?hl=en\" target=\"_blank\" rel=\"noreferrer noopener\">Click here<\/a>;<\/li>\n\n\n\n<li>For more information about managing Cookies in Internet Explorer,&nbsp;<a href=\"https:\/\/support.microsoft.com\/pt-pt\/help\/17442\/windows-internet-explorer-delete-manage-cookies\" target=\"_blank\" rel=\"noreferrer noopener\">Click here<\/a>;<\/li>\n\n\n\n<li>For more information about managing Cookies in Safari,&nbsp;<a href=\"https:\/\/support.apple.com\/pt-br\/guide\/safari\/sfri11471\/mac\" target=\"_blank\" rel=\"noreferrer noopener\">Click here<\/a>;<\/li>\n\n\n\n<li>For more information about managing Cookies in Opera,&nbsp;<a href=\"https:\/\/help.opera.com\/en\/latest\/security-and-privacy\/#privateWindow\" target=\"_blank\" rel=\"noreferrer noopener\">Click here<\/a>;<\/li>\n\n\n\n<li>For more information about managing Cookies in Microsoft Edge,&nbsp;<a href=\"https:\/\/support.microsoft.com\/pt-br\/help\/4026200\/microsoft-edge-browse-inprivate\" target=\"_blank\" rel=\"noreferrer noopener\">Click here<\/a>.<\/li>\n<\/ul>\n\n\n\n<h2 class=\"wp-block-heading\">6. DETAILED INFORMATION ABOUT COOKIES<\/h2>\n\n\n\n<p>Below we present details about the use of Cookies on the website, as well as their purposes:<\/p>\n\n\n\n<figure class=\"wp-block-table\"><table><tbody><tr><td><strong>COOKIE<\/strong><\/td><td><strong>VALIDITY<\/strong><\/td><td><strong>GOAL<\/strong><\/td><\/tr><tr><td>cache<\/td><td>Session<\/td><td>Preserves the session state previously defined by the user.<\/td><\/tr><tr><td>ga (Google Analytics)<\/td><td>2 years<\/td><td>Registers a unique ID to generate statistical data related to how the user interacts with the website.<\/td><\/tr><tr><td>gd (RD Station)<\/td><td>Session<\/td><td>Registers a unique ID to keep statistics of which YouTube videos the user has viewed.<\/td><\/tr><tr><td>rdtrk (RD Station)<\/td><td>1 year<\/td><td>Used to track the pages visited by the user and their respective frequency.<\/td><\/tr><tr><td>AnalyticsSyncHistory (LinkedIn)<\/td><td>29 days<\/td><td>Used in connection with other tracking services for data synchronization.<\/td><\/tr><tr><td>trf.src (RD Station)<\/td><td>2 years<\/td><td>Records how the user arrived at the website.<\/td><\/tr><tr><td>fbp (Facebook)<\/td><td>3 months<\/td><td>Used by Facebook to deliver a series of advertising-related products to the user.<\/td><\/tr><tr><td>bcookie (LinkedIn)<\/td><td>2 years<\/td><td>Used by LinkedIn to track\/track activities on network services incorporated into the website.<\/td><\/tr><tr><td>YSC (Youtube)&nbsp;<\/td><td>Session<\/td><td>Registers a unique ID to keep a record of the videos viewed by the user.<\/td><\/tr><\/tbody><\/table><\/figure>","protected":false},"excerpt":{"rendered":"<p>POL\u00cdTICA DE COOKIES 1. INTRODU\u00c7\u00c3O A presente Pol\u00edtica aplica-se ao site\u00a0https:\/\/pkovidros.com.br e seus subdom\u00ednios (\u201csite\u201d), de propriedade da\u00a0PKO Vidros\u00a0com sede na cidade de Mogi das [&hellip;]<\/p>","protected":false},"author":975910,"featured_media":0,"parent":0,"menu_order":0,"comment_status":"closed","ping_status":"closed","template":"page-cookies.php","meta":{"_acf_changed":false,"inline_featured_image":false,"footnotes":""},"class_list":["post-116842","page","type-page","status-publish","hentry"],"acf":[],"yoast_head":"<!-- This site is optimized with the Yoast SEO plugin v26.4 - https:\/\/yoast.com\/wordpress\/plugins\/seo\/ -->\n<title>Pol\u00edtica de Cookies - PKO Vidros<\/title>\n<meta name=\"robots\" content=\"index, follow, max-snippet:-1, max-image-preview:large, max-video-preview:-1\" \/>\n<link rel=\"canonical\" href=\"https:\/\/pkovidros.com.br\/en\/politica-de-cookies\/\" \/>\n<meta property=\"og:locale\" content=\"en_US\" \/>\n<meta property=\"og:type\" content=\"article\" \/>\n<meta property=\"og:title\" content=\"Pol\u00edtica de Cookies - PKO Vidros\" \/>\n<meta property=\"og:description\" content=\"POL\u00cdTICA DE COOKIES 1. INTRODU\u00c7\u00c3O A presente Pol\u00edtica aplica-se ao site\u00a0https:\/\/pkovidros.com.br e seus subdom\u00ednios (\u201csite\u201d), de propriedade da\u00a0PKO Vidros\u00a0com sede na cidade de Mogi das [&hellip;]\" \/>\n<meta property=\"og:url\" content=\"https:\/\/pkovidros.com.br\/en\/politica-de-cookies\/\" \/>\n<meta property=\"og:site_name\" content=\"PKO Vidros\" \/>\n<meta property=\"article:modified_time\" content=\"2026-02-24T18:04:07+00:00\" \/>\n<meta name=\"twitter:card\" content=\"summary_large_image\" \/>\n<meta name=\"twitter:label1\" content=\"Est. reading time\" \/>\n\t<meta name=\"twitter:data1\" content=\"6 minutes\" \/>\n<script type=\"application\/ld+json\" class=\"yoast-schema-graph\">{\"@context\":\"https:\/\/schema.org\",\"@graph\":[{\"@type\":\"WebPage\",\"@id\":\"https:\/\/pkovidros.com.br\/politica-de-cookies\/\",\"url\":\"https:\/\/pkovidros.com.br\/politica-de-cookies\/\",\"name\":\"Pol\u00edtica de Cookies - PKO Vidros\",\"isPartOf\":{\"@id\":\"https:\/\/pkovidros.com.br\/#website\"},\"datePublished\":\"2023-11-29T12:37:41+00:00\",\"dateModified\":\"2026-02-24T18:04:07+00:00\",\"breadcrumb\":{\"@id\":\"https:\/\/pkovidros.com.br\/politica-de-cookies\/#breadcrumb\"},\"inLanguage\":\"en-US\",\"potentialAction\":[{\"@type\":\"ReadAction\",\"target\":[\"https:\/\/pkovidros.com.br\/politica-de-cookies\/\"]}]},{\"@type\":\"BreadcrumbList\",\"@id\":\"https:\/\/pkovidros.com.br\/politica-de-cookies\/#breadcrumb\",\"itemListElement\":[{\"@type\":\"ListItem\",\"position\":1,\"name\":\"In\u00edcio\",\"item\":\"https:\/\/pkovidros.com.br\/\"},{\"@type\":\"ListItem\",\"position\":2,\"name\":\"Pol\u00edtica de Cookies\"}]},{\"@type\":\"WebSite\",\"@id\":\"https:\/\/pkovidros.com.br\/#website\",\"url\":\"https:\/\/pkovidros.com.br\/\",\"name\":\"PKO Vidros\",\"description\":\"Beneficiadora de Vidros\",\"publisher\":{\"@id\":\"https:\/\/pkovidros.com.br\/#organization\"},\"potentialAction\":[{\"@type\":\"SearchAction\",\"target\":{\"@type\":\"EntryPoint\",\"urlTemplate\":\"https:\/\/pkovidros.com.br\/?s={search_term_string}\"},\"query-input\":{\"@type\":\"PropertyValueSpecification\",\"valueRequired\":true,\"valueName\":\"search_term_string\"}}],\"inLanguage\":\"en-US\"},{\"@type\":\"Organization\",\"@id\":\"https:\/\/pkovidros.com.br\/#organization\",\"name\":\"PKO Vidros\",\"url\":\"https:\/\/pkovidros.com.br\/\",\"logo\":{\"@type\":\"ImageObject\",\"inLanguage\":\"en-US\",\"@id\":\"https:\/\/pkovidros.com.br\/#\/schema\/logo\/image\/\",\"url\":\"https:\/\/pkovidros.com.br\/wp-content\/uploads\/2024\/11\/logo_menu.png\",\"contentUrl\":\"https:\/\/pkovidros.com.br\/wp-content\/uploads\/2024\/11\/logo_menu.png\",\"width\":150,\"height\":24,\"caption\":\"PKO Vidros\"},\"image\":{\"@id\":\"https:\/\/pkovidros.com.br\/#\/schema\/logo\/image\/\"}}]}<\/script>\n<!-- \/ Yoast SEO plugin. -->","yoast_head_json":{"title":"Pol\u00edtica de Cookies - PKO Vidros","robots":{"index":"index","follow":"follow","max-snippet":"max-snippet:-1","max-image-preview":"max-image-preview:large","max-video-preview":"max-video-preview:-1"},"canonical":"https:\/\/pkovidros.com.br\/en\/politica-de-cookies\/","og_locale":"en_US","og_type":"article","og_title":"Pol\u00edtica de Cookies - PKO Vidros","og_description":"POL\u00cdTICA DE COOKIES 1. INTRODU\u00c7\u00c3O A presente Pol\u00edtica aplica-se ao site\u00a0https:\/\/pkovidros.com.br e seus subdom\u00ednios (\u201csite\u201d), de propriedade da\u00a0PKO Vidros\u00a0com sede na cidade de Mogi das [&hellip;]","og_url":"https:\/\/pkovidros.com.br\/en\/politica-de-cookies\/","og_site_name":"PKO Vidros","article_modified_time":"2026-02-24T18:04:07+00:00","twitter_card":"summary_large_image","twitter_misc":{"Est. reading time":"6 minutes"},"schema":{"@context":"https:\/\/schema.org","@graph":[{"@type":"WebPage","@id":"https:\/\/pkovidros.com.br\/politica-de-cookies\/","url":"https:\/\/pkovidros.com.br\/politica-de-cookies\/","name":"Pol\u00edtica de Cookies - PKO Vidros","isPartOf":{"@id":"https:\/\/pkovidros.com.br\/#website"},"datePublished":"2023-11-29T12:37:41+00:00","dateModified":"2026-02-24T18:04:07+00:00","breadcrumb":{"@id":"https:\/\/pkovidros.com.br\/politica-de-cookies\/#breadcrumb"},"inLanguage":"en-US","potentialAction":[{"@type":"ReadAction","target":["https:\/\/pkovidros.com.br\/politica-de-cookies\/"]}]},{"@type":"BreadcrumbList","@id":"https:\/\/pkovidros.com.br\/politica-de-cookies\/#breadcrumb","itemListElement":[{"@type":"ListItem","position":1,"name":"In\u00edcio","item":"https:\/\/pkovidros.com.br\/"},{"@type":"ListItem","position":2,"name":"Pol\u00edtica de Cookies"}]},{"@type":"WebSite","@id":"https:\/\/pkovidros.com.br\/#website","url":"https:\/\/pkovidros.com.br\/","name":"PKO Glass","description":"Beneficiadora de Vidros","publisher":{"@id":"https:\/\/pkovidros.com.br\/#organization"},"potentialAction":[{"@type":"SearchAction","target":{"@type":"EntryPoint","urlTemplate":"https:\/\/pkovidros.com.br\/?s={search_term_string}"},"query-input":{"@type":"PropertyValueSpecification","valueRequired":true,"valueName":"search_term_string"}}],"inLanguage":"en-US"},{"@type":"Organization","@id":"https:\/\/pkovidros.com.br\/#organization","name":"PKO Glass","url":"https:\/\/pkovidros.com.br\/","logo":{"@type":"ImageObject","inLanguage":"en-US","@id":"https:\/\/pkovidros.com.br\/#\/schema\/logo\/image\/","url":"https:\/\/pkovidros.com.br\/wp-content\/uploads\/2024\/11\/logo_menu.png","contentUrl":"https:\/\/pkovidros.com.br\/wp-content\/uploads\/2024\/11\/logo_menu.png","width":150,"height":24,"caption":"PKO Vidros"},"image":{"@id":"https:\/\/pkovidros.com.br\/#\/schema\/logo\/image\/"}}]}},"_links":{"self":[{"href":"https:\/\/pkovidros.com.br\/en\/wp-json\/wp\/v2\/pages\/116842","targetHints":{"allow":["GET"]}}],"collection":[{"href":"https:\/\/pkovidros.com.br\/en\/wp-json\/wp\/v2\/pages"}],"about":[{"href":"https:\/\/pkovidros.com.br\/en\/wp-json\/wp\/v2\/types\/page"}],"author":[{"embeddable":true,"href":"https:\/\/pkovidros.com.br\/en\/wp-json\/wp\/v2\/users\/975910"}],"replies":[{"embeddable":true,"href":"https:\/\/pkovidros.com.br\/en\/wp-json\/wp\/v2\/comments?post=116842"}],"version-history":[{"count":5,"href":"https:\/\/pkovidros.com.br\/en\/wp-json\/wp\/v2\/pages\/116842\/revisions"}],"predecessor-version":[{"id":186099,"href":"https:\/\/pkovidros.com.br\/en\/wp-json\/wp\/v2\/pages\/116842\/revisions\/186099"}],"wp:attachment":[{"href":"https:\/\/pkovidros.com.br\/en\/wp-json\/wp\/v2\/media?parent=116842"}],"curies":[{"name":"wp","href":"https:\/\/api.w.org\/{rel}","templated":true}]}}